{"id":1330,"date":"2022-05-06T06:37:16","date_gmt":"2022-05-06T04:37:16","guid":{"rendered":"https:\/\/stage.pho.swiss\/page-daccueil\/"},"modified":"2022-12-12T16:00:34","modified_gmt":"2022-12-12T15:00:34","slug":"page-daccueil","status":"publish","type":"page","link":"https:\/\/www.pho.swiss\/fr\/","title":{"rendered":"Page d&rsquo;accueil"},"content":{"rendered":"\n<div style=\"height:100px\" aria-hidden=\"true\" class=\"wp-block-spacer is-style-space-1 hidden-xs\"><\/div>\n\n<div class=\"wp-block-columns col-hero-block is-layout-flex wp-container-core-columns-is-layout-9d6595d7 wp-block-columns-is-layout-flex\">\n<div class=\"wp-block-column is-layout-flow wp-block-column-is-layout-flow\">\n<div style=\"height:100px\" aria-hidden=\"true\" class=\"wp-block-spacer is-style-space-1\"><\/div>\n\n\n\n<div style=\"height:100px\" aria-hidden=\"true\" class=\"wp-block-spacer is-style-space-1  hidden-xs\"><\/div>\n\n\n\n<h2 class=\"is-style-sub-title-1 wp-block-heading\" data-aos=\"fade-up\" data-aos-duration=\"600\"><strong>Phoenix<\/strong> SysTec AG<\/h2>\n\n\n\n<h1 class=\"is-style-text-teaser is-style-sub-title-3 wp-block-heading\" data-aos=\"fade-up\" data-aos-delay=\"50\" data-aos-duration=\"600\">Syst\u00e8mes innovants pour fen\u00eatres en bois\/m\u00e9tal fabriqu\u00e9s en Suisse.<\/h1>\n\n\n\n<div style=\"height:100px\" aria-hidden=\"true\" class=\"wp-block-spacer is-style-space-2\"><\/div>\n\n\n\n<div class=\"wp-block-buttons is-layout-flex wp-block-buttons-is-layout-flex\" data-aos=\"fade-up\" data-aos-delay=\"100\" data-aos-duration=\"600\">\n<div class=\"wp-block-button\"><a class=\"wp-block-button__link wp-element-button\" href=\"#produits\">Nos produits<\/a><\/div>\n<\/div>\n<\/div>\n\n\n\n<div class=\"wp-block-column is-layout-flow wp-block-column-is-layout-flow\">\n<div style=\"height:100px\" aria-hidden=\"true\" class=\"wp-block-spacer is-style-space-3 mobile-hero-spacer\"><\/div>\n\n\n\n<svg xmlns=\"http:\/\/www.w3.org\/2000\/svg\" xmlns:xlink=\"http:\/\/www.w3.org\/1999\/xlink\" version=\"1.1\" id=\"bmBrandInner\" x=\"0px\" y=\"0px\" viewbox=\"0 0 2000 1852.3\" style=\"enable-background:new 0 0 2000 1852.3;\" xml:space=\"preserve\">\n<path class=\"introH1\" d=\"M1970.5,284.8l4-68.8l-58.2,37c-115.2,73.8-172.1,46-244.1,10.9l-18.5-8.9c-29.1-13.9-106.2-46.3-200.1-46.9 c-12.9-0.7-25.5-0.1-38.1,1.8c-61.4,8.9-112.6,37-152.6,83.4c-104.8-8.8-184.6,11.3-238,34.3V28.8c0,0-25-5.2-97-5.2 c-71.7,0-141.4,8.4-208.3,24.3C521,95,347.4,208.1,223.5,362.6s-198,350.5-198,563.5c0,497.7,404.9,902.6,902.5,902.6 c497.6,0,902.5-404.9,902.5-902.6c0-113.7-21.5-225.5-64.6-333.9l-8.5-19.3C1827.3,540.3,1960.7,456,1970.5,284.8z M928,1438.7 c-282.7,0-512.6-229.9-512.6-512.6c0-214.5,132.5-398.6,320-474.9c45.6-18.6,94.5-30.7,145.5-35.4c15.5-1.4,31.2-2.1,47-2.1 c34.7,0,63.3,4.8,63.3,4.8c18.4,2.5,42.6,8.4,60.2,12.8c20.4,5,40.2,11.3,59.5,18.6c194.4,74,329.5,261,329.5,476.2 C1440.6,1208.7,1210.7,1438.7,928,1438.7z\"><\/path>\n<\/svg>\n<\/div>\n<\/div>\n\n<div style=\"height:100px\" aria-hidden=\"true\" class=\"wp-block-spacer is-style-space-3\"><\/div>\n\n<div class=\"wp-block-columns alignwide no-margin-bottom is-layout-flex wp-container-core-columns-is-layout-9d6595d7 wp-block-columns-is-layout-flex\">\n<div class=\"wp-block-column is-layout-flow wp-block-column-is-layout-flow\" style=\"flex-basis:50%\">\n<figure class=\"wp-block-image size-large\"><img loading=\"lazy\" decoding=\"async\" width=\"1024\" height=\"815\" src=\"https:\/\/www.pho.swiss\/wp-content\/uploads\/2022\/09\/Team-Phoenix-4-1024x815.jpg\" alt=\"\" class=\"wp-image-1207\" srcset=\"https:\/\/www.pho.swiss\/wp-content\/uploads\/2022\/09\/Team-Phoenix-4-1024x815.jpg 1024w, https:\/\/www.pho.swiss\/wp-content\/uploads\/2022\/09\/Team-Phoenix-4-300x239.jpg 300w, https:\/\/www.pho.swiss\/wp-content\/uploads\/2022\/09\/Team-Phoenix-4-768x611.jpg 768w, https:\/\/www.pho.swiss\/wp-content\/uploads\/2022\/09\/Team-Phoenix-4.jpg 1282w\" sizes=\"auto, (max-width: 1024px) 100vw, 1024px\" \/><\/figure>\n<\/div>\n\n\n\n<div class=\"wp-block-column is-vertically-aligned-center is-layout-flow wp-block-column-is-layout-flow\" style=\"flex-basis:50%\">\n<p class=\"is-style-text-teaser\">\u00ab\u00a0Nous nous sommes fix\u00e9s pour objectif d&rsquo;assister nos clients en paroles et en actes pour tout ce qui concerne les fen\u00eatres en bois\/m\u00e9tal\u00a0\u00bb.<\/p>\n\n\n\n<div class=\"wp-block-buttons is-layout-flex wp-block-buttons-is-layout-flex\">\n<div class=\"wp-block-button is-style-small-button-2\"><a class=\"wp-block-button__link wp-element-button\" href=\"https:\/\/www.pho.swiss\/fr\/a-propos-de-nous\/\">En savoir plus sur nous<\/a><\/div>\n<\/div>\n\n\n\n<div style=\"height:100px\" aria-hidden=\"true\" class=\"wp-block-spacer is-style-space-1\"><\/div>\n<\/div>\n<\/div>\n\n<div class=\"wp-block-group alignwide has-silver-background-color has-background\" id=\"produkte\"><div class=\"wp-block-group__inner-container is-layout-flow wp-block-group-is-layout-flow\">\n<div style=\"height:100px\" aria-hidden=\"true\" class=\"wp-block-spacer is-style-space-1\"><\/div>\n\n\n\n<h2 class=\"is-style-sub-title-2 wp-block-heading\">Nos produits<\/h2>\n\n\n\n<p class=\"is-style-text-teaser\">Nous vous offrons une qualit\u00e9 sup\u00e9rieure, la meilleure finition et un bon rapport qualit\u00e9\/prix. Une technique de syst\u00e8me \u00e9prouv\u00e9e, associ\u00e9e \u00e0 la polyvalence, \u00e0 la variabilit\u00e9 du design et aux possibilit\u00e9s d&rsquo;utilisation. Nos solutions syst\u00e8me pour fen\u00eatres, portes et portes coulissantes \u00e0 levage mettent l&rsquo;accent sur l&rsquo;intelligence, la rentabilit\u00e9 et l&rsquo;efficacit\u00e9.<\/p>\n\n\n\n<div style=\"height:100px\" aria-hidden=\"true\" class=\"wp-block-spacer is-style-space-1\"><\/div>\n\n\n\n<div class=\"wp-block-columns is-layout-flex wp-container-core-columns-is-layout-9d6595d7 wp-block-columns-is-layout-flex\" data-aos=\"fade-up\" data-aos-duration=\"600\">\n<div class=\"wp-block-column is-layout-flow wp-block-column-is-layout-flow\">\n<h2 class=\"is-style-sub-title-3 wp-block-heading\">Syst\u00e8mes :<\/h2>\n<\/div>\n\n\n\n<div class=\"wp-block-column is-layout-flow wp-block-column-is-layout-flow\">\n<h2 class=\"is-style-sub-title-2 wp-block-heading\">Pho 100<\/h2>\n\n\n\n<p class=\"text-small\">Le syst\u00e8me de fen\u00eatres et de fa\u00e7ades pour les immeubles collectifs et les b\u00e2timents publics exigeants.<\/p>\n\n\n\n<div class=\"wp-block-buttons is-layout-flex wp-block-buttons-is-layout-flex\">\n<div class=\"wp-block-button is-style-small-button-2\"><a class=\"wp-block-button__link wp-element-button\" href=\"https:\/\/www.pho.swiss\/fr\/pho-100\/\">En savoir plus<\/a><\/div>\n<\/div>\n<\/div>\n\n\n\n<div class=\"wp-block-column is-layout-flow wp-block-column-is-layout-flow\">\n<h2 class=\"is-style-sub-title-2 wp-block-heading\">Pho 200<\/h2>\n\n\n\n<p class=\"text-small\">Le syst\u00e8me de fen\u00eatres pour des constructions et des r\u00e9novations efficaces, compactes et \u00e9conomiques.<\/p>\n\n\n\n<div class=\"wp-block-buttons is-layout-flex wp-block-buttons-is-layout-flex\">\n<div class=\"wp-block-button is-style-small-button-2\"><a class=\"wp-block-button__link wp-element-button\" href=\"https:\/\/www.pho.swiss\/fr\/pho-200\/\">En savoir plus<\/a><\/div>\n<\/div>\n<\/div>\n\n\n\n<div class=\"wp-block-column is-layout-flow wp-block-column-is-layout-flow\">\n<h2 class=\"is-style-sub-title-2 wp-block-heading\">Pho 300<\/h2>\n\n\n\n<p class=\"text-small\">La solution de porte coulissante \u00e0 levage bois\/m\u00e9tal pour les grandes surfaces vitr\u00e9es coulissantes.<br\/><\/p>\n\n\n\n<div class=\"wp-block-buttons is-layout-flex wp-block-buttons-is-layout-flex\">\n<div class=\"wp-block-button is-style-small-button-2\"><a class=\"wp-block-button__link wp-element-button\" href=\"https:\/\/www.pho.swiss\/fr\/pho-300\/\">En savoir plus<\/a><\/div>\n<\/div>\n<\/div>\n<\/div>\n\n\n\n<div style=\"height:100px\" aria-hidden=\"true\" class=\"wp-block-spacer is-style-space-1\"><\/div>\n<\/div><\/div>\n\n<div style=\"height:100px\" aria-hidden=\"true\" class=\"wp-block-spacer is-style-space-1\"><\/div>\n\n<section data-aos-duration=\"600\" data-aos=\"fade-up\" id=\"block-page-preview-block_62b03471fe964\" class=\"block-page-preview desktop-itemSize3 tablet-itemSize3 mobile-itemSize1\">\n  <div class=\"page-preview-wrap\">\n          <div class=\"pageItem\">\n        <div class=\"itemWrap\">\n          <a href=\"https:\/\/www.pho.swiss\/fr\/couleurs\/\">                                <div class=\"imageWrap\">\n              <div class=\"img16to9 imageBox imgLiquidFill\"><img loading=\"lazy\" decoding=\"async\" width=\"1024\" height=\"577\" src=\"https:\/\/www.pho.swiss\/wp-content\/uploads\/2022\/06\/farben-1-1024x577.jpg\" class=\"attachment-large size-large\" alt=\"\" srcset=\"https:\/\/www.pho.swiss\/wp-content\/uploads\/2022\/06\/farben-1-1024x577.jpg 1024w, https:\/\/www.pho.swiss\/wp-content\/uploads\/2022\/06\/farben-1-300x169.jpg 300w, https:\/\/www.pho.swiss\/wp-content\/uploads\/2022\/06\/farben-1-768x432.jpg 768w, https:\/\/www.pho.swiss\/wp-content\/uploads\/2022\/06\/farben-1.jpg 1254w\" sizes=\"auto, (max-width: 1024px) 100vw, 1024px\" \/><\/div>\n            <\/div>\n                    <h2 class=\"is-style-sub-title-3  noText text-left\">Couleurs<\/h2>                    <\/a>        <\/div>\n      <\/div>\n\n          <div class=\"pageItem\">\n        <div class=\"itemWrap\">\n          <a href=\"https:\/\/www.pho.swiss\/fr\/toles\/\">                                <div class=\"imageWrap\">\n              <div class=\"img16to9 imageBox imgLiquidFill\"><img loading=\"lazy\" decoding=\"async\" width=\"1024\" height=\"683\" src=\"https:\/\/www.pho.swiss\/wp-content\/uploads\/2022\/06\/bleche-1024x683.jpg\" class=\"attachment-large size-large\" alt=\"\" srcset=\"https:\/\/www.pho.swiss\/wp-content\/uploads\/2022\/06\/bleche-1024x683.jpg 1024w, https:\/\/www.pho.swiss\/wp-content\/uploads\/2022\/06\/bleche-300x200.jpg 300w, https:\/\/www.pho.swiss\/wp-content\/uploads\/2022\/06\/bleche-768x512.jpg 768w, https:\/\/www.pho.swiss\/wp-content\/uploads\/2022\/06\/bleche-1536x1024.jpg 1536w, https:\/\/www.pho.swiss\/wp-content\/uploads\/2022\/06\/bleche-2048x1365.jpg 2048w, https:\/\/www.pho.swiss\/wp-content\/uploads\/2022\/06\/bleche-1920x1280.jpg 1920w\" sizes=\"auto, (max-width: 1024px) 100vw, 1024px\" \/><\/div>\n            <\/div>\n                    <h2 class=\"is-style-sub-title-3  noText text-left\">Constructions en t\u00f4le<\/h2>                    <\/a>        <\/div>\n      <\/div>\n\n          <div class=\"pageItem\">\n        <div class=\"itemWrap\">\n          <a href=\"https:\/\/www.pho.swiss\/fr\/contact\/\">                                <div class=\"imageWrap\">\n              <div class=\"img16to9 imageBox imgLiquidFill\"><img loading=\"lazy\" decoding=\"async\" width=\"1024\" height=\"576\" src=\"https:\/\/www.pho.swiss\/wp-content\/uploads\/2022\/06\/meeting-1024x576.jpg\" class=\"attachment-large size-large\" alt=\"\" srcset=\"https:\/\/www.pho.swiss\/wp-content\/uploads\/2022\/06\/meeting-1024x576.jpg 1024w, https:\/\/www.pho.swiss\/wp-content\/uploads\/2022\/06\/meeting-300x169.jpg 300w, https:\/\/www.pho.swiss\/wp-content\/uploads\/2022\/06\/meeting-768x432.jpg 768w, https:\/\/www.pho.swiss\/wp-content\/uploads\/2022\/06\/meeting-1536x864.jpg 1536w, https:\/\/www.pho.swiss\/wp-content\/uploads\/2022\/06\/meeting-2048x1152.jpg 2048w, https:\/\/www.pho.swiss\/wp-content\/uploads\/2022\/06\/meeting-1920x1080.jpg 1920w\" sizes=\"auto, (max-width: 1024px) 100vw, 1024px\" \/><\/div>\n            <\/div>\n                    <h2 class=\"is-style-sub-title-3  noText text-left\">Demandes<\/h2>                    <\/a>        <\/div>\n      <\/div>\n\n      <\/div>\n<\/section>\n\n\n\n<div style=\"height:100px\" aria-hidden=\"true\" class=\"wp-block-spacer is-style-space-1\"><\/div>\n\n<div class=\"wp-block-group alignfull pho-cta has-default-1-background-color has-background\"><div class=\"wp-block-group__inner-container is-layout-flow wp-block-group-is-layout-flow\">\n<div style=\"height:100px\" aria-hidden=\"true\" class=\"wp-block-spacer is-style-space-1\"><\/div>\n\n\n\n<div class=\"wp-block-columns is-layout-flex wp-container-core-columns-is-layout-9d6595d7 wp-block-columns-is-layout-flex\">\n<div class=\"wp-block-column is-layout-flow wp-block-column-is-layout-flow\" style=\"flex-basis:66.66%\">\n<p class=\"is-style-text-teaser has-white-color has-text-color\">Les documentations techniques de nos syst\u00e8mes sont disponibles ici sous forme num\u00e9rique. Trouvez les informations que vous cherchez &#8211; rapidement et facilement.<\/p>\n\n\n\n<div style=\"height:100px\" aria-hidden=\"true\" class=\"wp-block-spacer is-style-space-3\"><\/div>\n\n\n\n<div class=\"wp-block-buttons is-layout-flex wp-block-buttons-is-layout-flex\">\n<div class=\"wp-block-button is-style-outline is-style-outline--1\"><a class=\"wp-block-button__link wp-element-button\" href=\"https:\/\/www.pho.swiss\/fr\/connexion\/\">Catalogue de produits<\/a><\/div>\n<\/div>\n<\/div>\n\n\n\n<div class=\"wp-block-column is-layout-flow wp-block-column-is-layout-flow\" style=\"flex-basis:33.33%\"><div class=\"wp-block-image hidden-xs\">\n<figure class=\"alignright size-large is-resized\"><img loading=\"lazy\" decoding=\"async\" src=\"https:\/\/www.pho.swiss\/wp-content\/uploads\/2022\/06\/Signet-white-1024x948.png\" alt=\"\" class=\"wp-image-927\" width=\"211\" height=\"196\" srcset=\"https:\/\/www.pho.swiss\/wp-content\/uploads\/2022\/06\/Signet-white-1024x948.png 1024w, https:\/\/www.pho.swiss\/wp-content\/uploads\/2022\/06\/Signet-white-300x278.png 300w, https:\/\/www.pho.swiss\/wp-content\/uploads\/2022\/06\/Signet-white-768x711.png 768w, https:\/\/www.pho.swiss\/wp-content\/uploads\/2022\/06\/Signet-white-1536x1422.png 1536w, https:\/\/www.pho.swiss\/wp-content\/uploads\/2022\/06\/Signet-white-2048x1897.png 2048w, https:\/\/www.pho.swiss\/wp-content\/uploads\/2022\/06\/Signet-white-1920x1778.png 1920w\" sizes=\"auto, (max-width: 211px) 100vw, 211px\" \/><\/figure>\n<\/div><\/div>\n<\/div>\n\n\n\n<div style=\"height:1px\" aria-hidden=\"true\" class=\"wp-block-spacer\"><\/div>\n<\/div><\/div>\n","protected":false},"excerpt":{"rendered":"<p>Phoenix SysTec AG Syst\u00e8mes innovants pour fen\u00eatres en bois\/m\u00e9tal fabriqu\u00e9s en Suisse. \u00ab\u00a0Nous nous sommes fix\u00e9s pour objectif d&rsquo;assister nos clients en paroles et en actes pour tout ce qui concerne les fen\u00eatres en bois\/m\u00e9tal\u00a0\u00bb. Nos produits Nous vous offrons une qualit\u00e9 sup\u00e9rieure, la meilleure finition et un bon rapport qualit\u00e9\/prix. Une technique de syst\u00e8me [&hellip;]<\/p>\n","protected":false},"author":1,"featured_media":0,"parent":0,"menu_order":0,"comment_status":"closed","ping_status":"open","template":"","meta":{"_acf_changed":false,"footnotes":""},"class_list":["post-1330","page","type-page","status-publish","hentry"],"acf":[],"yoast_head":"<!-- This site is optimized with the Yoast SEO plugin v26.5 - https:\/\/yoast.com\/wordpress\/plugins\/seo\/ -->\n<title>Phoenix SysTec AG \u2013 Swiss Window Technology<\/title>\n<meta name=\"description\" content=\"Innovative Systeme f\u00fcr Holz-\/Metallfenster aus der Schweiz. Wir bieten Ihnen hochwertige Qualit\u00e4t, beste Verarbeitung und ein gutes Preis-\/Leistungs-Verh\u00e4ltnis.\" \/>\n<meta name=\"robots\" content=\"index, follow, max-snippet:-1, max-image-preview:large, max-video-preview:-1\" \/>\n<link rel=\"canonical\" href=\"https:\/\/www.pho.swiss\/fr\/\" \/>\n<meta property=\"og:locale\" content=\"fr_FR\" \/>\n<meta property=\"og:type\" content=\"article\" \/>\n<meta property=\"og:title\" content=\"Phoenix SysTec AG \u2013 Swiss Window Technology\" \/>\n<meta property=\"og:description\" content=\"Innovative Systeme f\u00fcr Holz-\/Metallfenster aus der Schweiz. Wir bieten Ihnen hochwertige Qualit\u00e4t, beste Verarbeitung und ein gutes Preis-\/Leistungs-Verh\u00e4ltnis.\" \/>\n<meta property=\"og:url\" content=\"https:\/\/www.pho.swiss\/fr\/\" \/>\n<meta property=\"og:site_name\" content=\"Phoenix SysTec AG \u2013 Swiss Window Technology\" \/>\n<meta property=\"article:modified_time\" content=\"2022-12-12T15:00:34+00:00\" \/>\n<meta property=\"og:image\" content=\"https:\/\/www.pho.swiss\/wp-content\/uploads\/2022\/09\/Team-Phoenix-4-1024x815.jpg\" \/>\n<meta name=\"twitter:card\" content=\"summary_large_image\" \/>\n<meta name=\"twitter:label1\" content=\"Dur\u00e9e de lecture estim\u00e9e\" \/>\n\t<meta name=\"twitter:data1\" content=\"1 minute\" \/>\n<script type=\"application\/ld+json\" class=\"yoast-schema-graph\">{\"@context\":\"https:\/\/schema.org\",\"@graph\":[{\"@type\":\"WebPage\",\"@id\":\"https:\/\/www.pho.swiss\/fr\/\",\"url\":\"https:\/\/www.pho.swiss\/fr\/\",\"name\":\"Phoenix SysTec AG \u2013 Swiss Window Technology\",\"isPartOf\":{\"@id\":\"https:\/\/www.pho.swiss\/fr\/#website\"},\"primaryImageOfPage\":{\"@id\":\"https:\/\/www.pho.swiss\/fr\/#primaryimage\"},\"image\":{\"@id\":\"https:\/\/www.pho.swiss\/fr\/#primaryimage\"},\"thumbnailUrl\":\"https:\/\/www.pho.swiss\/wp-content\/uploads\/2022\/09\/Team-Phoenix-4-1024x815.jpg\",\"datePublished\":\"2022-05-06T04:37:16+00:00\",\"dateModified\":\"2022-12-12T15:00:34+00:00\",\"description\":\"Innovative Systeme f\u00fcr Holz-\/Metallfenster aus der Schweiz. Wir bieten Ihnen hochwertige Qualit\u00e4t, beste Verarbeitung und ein gutes Preis-\/Leistungs-Verh\u00e4ltnis.\",\"breadcrumb\":{\"@id\":\"https:\/\/www.pho.swiss\/fr\/#breadcrumb\"},\"inLanguage\":\"fr-FR\",\"potentialAction\":[{\"@type\":\"ReadAction\",\"target\":[\"https:\/\/www.pho.swiss\/fr\/\"]}]},{\"@type\":\"ImageObject\",\"inLanguage\":\"fr-FR\",\"@id\":\"https:\/\/www.pho.swiss\/fr\/#primaryimage\",\"url\":\"https:\/\/www.pho.swiss\/wp-content\/uploads\/2022\/09\/Team-Phoenix-4-1024x815.jpg\",\"contentUrl\":\"https:\/\/www.pho.swiss\/wp-content\/uploads\/2022\/09\/Team-Phoenix-4-1024x815.jpg\"},{\"@type\":\"BreadcrumbList\",\"@id\":\"https:\/\/www.pho.swiss\/fr\/#breadcrumb\",\"itemListElement\":[{\"@type\":\"ListItem\",\"position\":1,\"name\":\"Startseite\",\"item\":\"https:\/\/www.pho.swiss\/fr\/\"},{\"@type\":\"ListItem\",\"position\":2,\"name\":\"Page d&#8217;accueil\"}]},{\"@type\":\"WebSite\",\"@id\":\"https:\/\/www.pho.swiss\/fr\/#website\",\"url\":\"https:\/\/www.pho.swiss\/fr\/\",\"name\":\"Phoenix SysTec AG \u2013 Swiss Window Technology\",\"description\":\"Swiss Window Technology\",\"publisher\":{\"@id\":\"https:\/\/www.pho.swiss\/fr\/#organization\"},\"potentialAction\":[{\"@type\":\"SearchAction\",\"target\":{\"@type\":\"EntryPoint\",\"urlTemplate\":\"https:\/\/www.pho.swiss\/fr\/?s={search_term_string}\"},\"query-input\":{\"@type\":\"PropertyValueSpecification\",\"valueRequired\":true,\"valueName\":\"search_term_string\"}}],\"inLanguage\":\"fr-FR\"},{\"@type\":\"Organization\",\"@id\":\"https:\/\/www.pho.swiss\/fr\/#organization\",\"name\":\"Phoenix SysTec AG\",\"url\":\"https:\/\/www.pho.swiss\/fr\/\",\"logo\":{\"@type\":\"ImageObject\",\"inLanguage\":\"fr-FR\",\"@id\":\"https:\/\/www.pho.swiss\/fr\/#\/schema\/logo\/image\/\",\"url\":\"https:\/\/www.pho.swiss\/wp-content\/uploads\/2022\/06\/icon.jpg\",\"contentUrl\":\"https:\/\/www.pho.swiss\/wp-content\/uploads\/2022\/06\/icon.jpg\",\"width\":692,\"height\":638,\"caption\":\"Phoenix SysTec AG\"},\"image\":{\"@id\":\"https:\/\/www.pho.swiss\/fr\/#\/schema\/logo\/image\/\"}}]}<\/script>\n<!-- \/ Yoast SEO plugin. -->","yoast_head_json":{"title":"Phoenix SysTec AG \u2013 Swiss Window Technology","description":"Innovative Systeme f\u00fcr Holz-\/Metallfenster aus der Schweiz. Wir bieten Ihnen hochwertige Qualit\u00e4t, beste Verarbeitung und ein gutes Preis-\/Leistungs-Verh\u00e4ltnis.","robots":{"index":"index","follow":"follow","max-snippet":"max-snippet:-1","max-image-preview":"max-image-preview:large","max-video-preview":"max-video-preview:-1"},"canonical":"https:\/\/www.pho.swiss\/fr\/","og_locale":"fr_FR","og_type":"article","og_title":"Phoenix SysTec AG \u2013 Swiss Window Technology","og_description":"Innovative Systeme f\u00fcr Holz-\/Metallfenster aus der Schweiz. Wir bieten Ihnen hochwertige Qualit\u00e4t, beste Verarbeitung und ein gutes Preis-\/Leistungs-Verh\u00e4ltnis.","og_url":"https:\/\/www.pho.swiss\/fr\/","og_site_name":"Phoenix SysTec AG \u2013 Swiss Window Technology","article_modified_time":"2022-12-12T15:00:34+00:00","og_image":[{"url":"https:\/\/www.pho.swiss\/wp-content\/uploads\/2022\/09\/Team-Phoenix-4-1024x815.jpg","type":"","width":"","height":""}],"twitter_card":"summary_large_image","twitter_misc":{"Dur\u00e9e de lecture estim\u00e9e":"1 minute"},"schema":{"@context":"https:\/\/schema.org","@graph":[{"@type":"WebPage","@id":"https:\/\/www.pho.swiss\/fr\/","url":"https:\/\/www.pho.swiss\/fr\/","name":"Phoenix SysTec AG \u2013 Swiss Window Technology","isPartOf":{"@id":"https:\/\/www.pho.swiss\/fr\/#website"},"primaryImageOfPage":{"@id":"https:\/\/www.pho.swiss\/fr\/#primaryimage"},"image":{"@id":"https:\/\/www.pho.swiss\/fr\/#primaryimage"},"thumbnailUrl":"https:\/\/www.pho.swiss\/wp-content\/uploads\/2022\/09\/Team-Phoenix-4-1024x815.jpg","datePublished":"2022-05-06T04:37:16+00:00","dateModified":"2022-12-12T15:00:34+00:00","description":"Innovative Systeme f\u00fcr Holz-\/Metallfenster aus der Schweiz. Wir bieten Ihnen hochwertige Qualit\u00e4t, beste Verarbeitung und ein gutes Preis-\/Leistungs-Verh\u00e4ltnis.","breadcrumb":{"@id":"https:\/\/www.pho.swiss\/fr\/#breadcrumb"},"inLanguage":"fr-FR","potentialAction":[{"@type":"ReadAction","target":["https:\/\/www.pho.swiss\/fr\/"]}]},{"@type":"ImageObject","inLanguage":"fr-FR","@id":"https:\/\/www.pho.swiss\/fr\/#primaryimage","url":"https:\/\/www.pho.swiss\/wp-content\/uploads\/2022\/09\/Team-Phoenix-4-1024x815.jpg","contentUrl":"https:\/\/www.pho.swiss\/wp-content\/uploads\/2022\/09\/Team-Phoenix-4-1024x815.jpg"},{"@type":"BreadcrumbList","@id":"https:\/\/www.pho.swiss\/fr\/#breadcrumb","itemListElement":[{"@type":"ListItem","position":1,"name":"Startseite","item":"https:\/\/www.pho.swiss\/fr\/"},{"@type":"ListItem","position":2,"name":"Page d&#8217;accueil"}]},{"@type":"WebSite","@id":"https:\/\/www.pho.swiss\/fr\/#website","url":"https:\/\/www.pho.swiss\/fr\/","name":"Phoenix SysTec AG \u2013 Swiss Window Technology","description":"Swiss Window Technology","publisher":{"@id":"https:\/\/www.pho.swiss\/fr\/#organization"},"potentialAction":[{"@type":"SearchAction","target":{"@type":"EntryPoint","urlTemplate":"https:\/\/www.pho.swiss\/fr\/?s={search_term_string}"},"query-input":{"@type":"PropertyValueSpecification","valueRequired":true,"valueName":"search_term_string"}}],"inLanguage":"fr-FR"},{"@type":"Organization","@id":"https:\/\/www.pho.swiss\/fr\/#organization","name":"Phoenix SysTec AG","url":"https:\/\/www.pho.swiss\/fr\/","logo":{"@type":"ImageObject","inLanguage":"fr-FR","@id":"https:\/\/www.pho.swiss\/fr\/#\/schema\/logo\/image\/","url":"https:\/\/www.pho.swiss\/wp-content\/uploads\/2022\/06\/icon.jpg","contentUrl":"https:\/\/www.pho.swiss\/wp-content\/uploads\/2022\/06\/icon.jpg","width":692,"height":638,"caption":"Phoenix SysTec AG"},"image":{"@id":"https:\/\/www.pho.swiss\/fr\/#\/schema\/logo\/image\/"}}]}},"_links":{"self":[{"href":"https:\/\/www.pho.swiss\/fr\/wp-json\/wp\/v2\/pages\/1330","targetHints":{"allow":["GET"]}}],"collection":[{"href":"https:\/\/www.pho.swiss\/fr\/wp-json\/wp\/v2\/pages"}],"about":[{"href":"https:\/\/www.pho.swiss\/fr\/wp-json\/wp\/v2\/types\/page"}],"author":[{"embeddable":true,"href":"https:\/\/www.pho.swiss\/fr\/wp-json\/wp\/v2\/users\/1"}],"replies":[{"embeddable":true,"href":"https:\/\/www.pho.swiss\/fr\/wp-json\/wp\/v2\/comments?post=1330"}],"version-history":[{"count":4,"href":"https:\/\/www.pho.swiss\/fr\/wp-json\/wp\/v2\/pages\/1330\/revisions"}],"predecessor-version":[{"id":2341,"href":"https:\/\/www.pho.swiss\/fr\/wp-json\/wp\/v2\/pages\/1330\/revisions\/2341"}],"wp:attachment":[{"href":"https:\/\/www.pho.swiss\/fr\/wp-json\/wp\/v2\/media?parent=1330"}],"curies":[{"name":"wp","href":"https:\/\/api.w.org\/{rel}","templated":true}]}}