{"id":1332,"date":"2022-06-14T12:21:02","date_gmt":"2022-06-14T10:21:02","guid":{"rendered":"https:\/\/stage.pho.swiss\/a-propos-de-nous\/"},"modified":"2022-09-30T08:59:48","modified_gmt":"2022-09-30T06:59:48","slug":"a-propos-de-nous","status":"publish","type":"page","link":"https:\/\/www.pho.swiss\/fr\/a-propos-de-nous\/","title":{"rendered":"\u00c0 propos de nous"},"content":{"rendered":"\n<div style=\"height:100px\" aria-hidden=\"true\" class=\"wp-block-spacer is-style-space-1 hidden-xs\"><\/div>\n\n<div class=\"wp-block-media-text has-media-on-the-right is-stacked-on-mobile is-vertically-aligned-bottom\"><figure class=\"wp-block-media-text__media\"><img loading=\"lazy\" decoding=\"async\" width=\"1024\" height=\"461\" src=\"https:\/\/www.pho.swiss\/wp-content\/uploads\/phoenix2-1024x461.jpg\" alt=\"\" class=\"wp-image-1252 size-full\" srcset=\"https:\/\/www.pho.swiss\/wp-content\/uploads\/phoenix2-1024x461.jpg 1024w, https:\/\/www.pho.swiss\/wp-content\/uploads\/phoenix2-300x135.jpg 300w, https:\/\/www.pho.swiss\/wp-content\/uploads\/phoenix2-768x346.jpg 768w, https:\/\/www.pho.swiss\/wp-content\/uploads\/phoenix2-1536x692.jpg 1536w, https:\/\/www.pho.swiss\/wp-content\/uploads\/phoenix2-2048x922.jpg 2048w, https:\/\/www.pho.swiss\/wp-content\/uploads\/phoenix2-1920x865.jpg 1920w\" sizes=\"auto, (max-width: 1024px) 100vw, 1024px\" \/><\/figure><div class=\"wp-block-media-text__content\">\n<h1 class=\"is-style-default wp-block-heading\" data-aos=\"fade-up\" data-aos-duration=\"600\"><strong>\u00c0 propos de nous<\/strong><\/h1>\n\n\n\n<p class=\"is-style-text-teaser\" data-aos=\"fade-up\" data-aos-delay=\"50\" data-aos-duration=\"600\">Nous sommes une start-up suisse d\u00e9veloppant des syst\u00e8mes innovants pour les fen\u00eatres en bois\/m\u00e9tal. 80% de la valeur ajout\u00e9e est cr\u00e9\u00e9e en Suisse.<\/p>\n\n\n\n<div style=\"height:100px\" aria-hidden=\"true\" class=\"wp-block-spacer is-style-space-1\"><\/div>\n<\/div><\/div>\n\n<div class=\"wp-block-group alignwide has-silver-background-color has-background\"><div class=\"wp-block-group__inner-container is-layout-flow wp-block-group-is-layout-flow\">\n<div style=\"height:100px\" aria-hidden=\"true\" class=\"wp-block-spacer is-style-space-1\"><\/div>\n\n\n\n<h2 class=\"is-style-sub-title-2 wp-block-heading\">Alain Haas, Remo Heyer et Patrick Wissler<\/h2>\n\n\n\n<p class=\"is-style-text-teaser\">Les fondateurs de Phoenix SysTec AG ont une longue exp\u00e9rience dans ce secteur d&rsquo;activit\u00e9. Nous nous sommes fix\u00e9s pour objectif d&rsquo;assister nos clients en paroles et en actes pour tout ce qui concerne les fen\u00eatres en bois\/m\u00e9tal. Nous voulons notamment travailler activement sur les services et la communication avec nos clients en utilisant des moyens de communication novateurs.<\/p>\n\n\n\n<div style=\"height:100px\" aria-hidden=\"true\" class=\"wp-block-spacer is-style-space-1\"><\/div>\n<\/div><\/div>\n\n<div style=\"height:100px\" aria-hidden=\"true\" class=\"wp-block-spacer is-style-space-1\"><\/div>\n\n<h2 class=\"is-style-sub-title-2 wp-block-heading\">Notre promesse \u00e0 nos clients<\/h2>\n\n<div style=\"height:100px\" aria-hidden=\"true\" class=\"wp-block-spacer is-style-space-3\"><\/div>\n\n<ul class=\"list-icons-check wp-block-list\" data-aos=\"fade-up\" data-aos-duration=\"600\"><li><strong>Proximit\u00e9 avec les clients<\/strong> <br\/>nous voulons vous soutenir, en tant que partenaire, dans votre travail quotidien<\/li><li><strong>R\u00e9activit\u00e9<\/strong> <br\/>Nos processus de d\u00e9cisions sont courts et les temps de r\u00e9action rapides<\/li><li><strong>Flexibilit\u00e9<\/strong> <br\/>nous faisons tout pour vous aider au mieux<\/li><li><strong>Qualit\u00e9<\/strong> <br\/>nous voulons vous fournir une qualit\u00e9 \u00e9lev\u00e9e et constante<\/li><li><strong>Innovation<\/strong> <br\/>nous voulons toujours vous offrir les meilleurs produits<\/li><li><strong>Foot Print<\/strong> <br\/>Aussi bas que possible, en s&rsquo;effor\u00e7ant de r\u00e9duire constamment l&#8217;empreinte carbone<\/li><\/ul>\n\n<div style=\"height:100px\" aria-hidden=\"true\" class=\"wp-block-spacer is-style-default\"><\/div>\n\n<div class=\"wp-block-group alignfull pho-cta has-default-1-background-color has-background\"><div class=\"wp-block-group__inner-container is-layout-flow wp-block-group-is-layout-flow\">\n<div style=\"height:100px\" aria-hidden=\"true\" class=\"wp-block-spacer is-style-space-1\"><\/div>\n\n\n\n<div class=\"wp-block-columns is-layout-flex wp-container-core-columns-is-layout-9d6595d7 wp-block-columns-is-layout-flex\">\n<div class=\"wp-block-column is-layout-flow wp-block-column-is-layout-flow\" style=\"flex-basis:66.66%\">\n<p class=\"is-style-text-teaser has-white-color has-text-color\">Les documentations techniques de nos syst\u00e8mes sont disponibles ici sous forme num\u00e9rique. Trouvez les informations que vous cherchez &#8211; rapidement et facilement.<\/p>\n\n\n\n<div style=\"height:100px\" aria-hidden=\"true\" class=\"wp-block-spacer is-style-space-3\"><\/div>\n\n\n\n<div class=\"wp-block-buttons is-layout-flex wp-block-buttons-is-layout-flex\">\n<div class=\"wp-block-button is-style-outline is-style-outline--1\"><a class=\"wp-block-button__link wp-element-button\" href=\"https:\/\/www.pho.swiss\/fr\/connexion\/\">Catalogue de produits<\/a><\/div>\n<\/div>\n<\/div>\n\n\n\n<div class=\"wp-block-column is-layout-flow wp-block-column-is-layout-flow\" style=\"flex-basis:33.33%\"><div class=\"wp-block-image hidden-xs\">\n<figure class=\"alignright size-large is-resized\"><img loading=\"lazy\" decoding=\"async\" src=\"https:\/\/www.pho.swiss\/wp-content\/uploads\/2022\/06\/Signet-white-1024x948.png\" alt=\"\" class=\"wp-image-927\" width=\"211\" height=\"196\" srcset=\"https:\/\/www.pho.swiss\/wp-content\/uploads\/2022\/06\/Signet-white-1024x948.png 1024w, https:\/\/www.pho.swiss\/wp-content\/uploads\/2022\/06\/Signet-white-300x278.png 300w, https:\/\/www.pho.swiss\/wp-content\/uploads\/2022\/06\/Signet-white-768x711.png 768w, https:\/\/www.pho.swiss\/wp-content\/uploads\/2022\/06\/Signet-white-1536x1422.png 1536w, https:\/\/www.pho.swiss\/wp-content\/uploads\/2022\/06\/Signet-white-2048x1897.png 2048w, https:\/\/www.pho.swiss\/wp-content\/uploads\/2022\/06\/Signet-white-1920x1778.png 1920w\" sizes=\"auto, (max-width: 211px) 100vw, 211px\" \/><\/figure>\n<\/div><\/div>\n<\/div>\n\n\n\n<div style=\"height:1px\" aria-hidden=\"true\" class=\"wp-block-spacer\"><\/div>\n<\/div><\/div>\n","protected":false},"excerpt":{"rendered":"<p>Alain Haas, Remo Heyer et Patrick Wissler Les fondateurs de Phoenix SysTec AG ont une longue exp\u00e9rience dans ce secteur d&rsquo;activit\u00e9. Nous nous sommes fix\u00e9s pour objectif d&rsquo;assister nos clients en paroles et en actes pour tout ce qui concerne les fen\u00eatres en bois\/m\u00e9tal. Nous voulons notamment travailler activement sur les services et la communication [&hellip;]<\/p>\n","protected":false},"author":1,"featured_media":0,"parent":0,"menu_order":0,"comment_status":"closed","ping_status":"closed","template":"","meta":{"_acf_changed":false,"footnotes":""},"class_list":["post-1332","page","type-page","status-publish","hentry"],"acf":[],"yoast_head":"<!-- This site is optimized with the Yoast SEO plugin v26.5 - https:\/\/yoast.com\/wordpress\/plugins\/seo\/ -->\n<title>\u00c0 propos de nous - Phoenix SysTec AG \u2013 Swiss Window Technology<\/title>\n<meta name=\"description\" content=\"Innovative Systeme f\u00fcr Holz-\/Metallfenster aus der Schweiz. Wir bieten Ihnen hochwertige Qualit\u00e4t, beste Verarbeitung und ein gutes Preis-\/Leistungs-Verh\u00e4ltnis.\" \/>\n<meta name=\"robots\" content=\"index, follow, max-snippet:-1, max-image-preview:large, max-video-preview:-1\" \/>\n<link rel=\"canonical\" href=\"https:\/\/www.pho.swiss\/fr\/a-propos-de-nous\/\" \/>\n<meta property=\"og:locale\" content=\"fr_FR\" \/>\n<meta property=\"og:type\" content=\"article\" \/>\n<meta property=\"og:title\" content=\"\u00c0 propos de nous - Phoenix SysTec AG \u2013 Swiss Window Technology\" \/>\n<meta property=\"og:description\" content=\"Innovative Systeme f\u00fcr Holz-\/Metallfenster aus der Schweiz. Wir bieten Ihnen hochwertige Qualit\u00e4t, beste Verarbeitung und ein gutes Preis-\/Leistungs-Verh\u00e4ltnis.\" \/>\n<meta property=\"og:url\" content=\"https:\/\/www.pho.swiss\/fr\/a-propos-de-nous\/\" \/>\n<meta property=\"og:site_name\" content=\"Phoenix SysTec AG \u2013 Swiss Window Technology\" \/>\n<meta property=\"article:modified_time\" content=\"2022-09-30T06:59:48+00:00\" \/>\n<meta property=\"og:image\" content=\"https:\/\/www.pho.swiss\/wp-content\/uploads\/phoenix2-1024x461.jpg\" \/>\n<meta name=\"twitter:card\" content=\"summary_large_image\" \/>\n<meta name=\"twitter:label1\" content=\"Dur\u00e9e de lecture estim\u00e9e\" \/>\n\t<meta name=\"twitter:data1\" content=\"1 minute\" \/>\n<script type=\"application\/ld+json\" class=\"yoast-schema-graph\">{\"@context\":\"https:\/\/schema.org\",\"@graph\":[{\"@type\":\"WebPage\",\"@id\":\"https:\/\/www.pho.swiss\/fr\/a-propos-de-nous\/\",\"url\":\"https:\/\/www.pho.swiss\/fr\/a-propos-de-nous\/\",\"name\":\"\u00c0 propos de nous - Phoenix SysTec AG \u2013 Swiss Window Technology\",\"isPartOf\":{\"@id\":\"https:\/\/www.pho.swiss\/fr\/#website\"},\"primaryImageOfPage\":{\"@id\":\"https:\/\/www.pho.swiss\/fr\/a-propos-de-nous\/#primaryimage\"},\"image\":{\"@id\":\"https:\/\/www.pho.swiss\/fr\/a-propos-de-nous\/#primaryimage\"},\"thumbnailUrl\":\"https:\/\/www.pho.swiss\/wp-content\/uploads\/phoenix2-1024x461.jpg\",\"datePublished\":\"2022-06-14T10:21:02+00:00\",\"dateModified\":\"2022-09-30T06:59:48+00:00\",\"description\":\"Innovative Systeme f\u00fcr Holz-\/Metallfenster aus der Schweiz. Wir bieten Ihnen hochwertige Qualit\u00e4t, beste Verarbeitung und ein gutes Preis-\/Leistungs-Verh\u00e4ltnis.\",\"breadcrumb\":{\"@id\":\"https:\/\/www.pho.swiss\/fr\/a-propos-de-nous\/#breadcrumb\"},\"inLanguage\":\"fr-FR\",\"potentialAction\":[{\"@type\":\"ReadAction\",\"target\":[\"https:\/\/www.pho.swiss\/fr\/a-propos-de-nous\/\"]}]},{\"@type\":\"ImageObject\",\"inLanguage\":\"fr-FR\",\"@id\":\"https:\/\/www.pho.swiss\/fr\/a-propos-de-nous\/#primaryimage\",\"url\":\"https:\/\/www.pho.swiss\/wp-content\/uploads\/phoenix2-1024x461.jpg\",\"contentUrl\":\"https:\/\/www.pho.swiss\/wp-content\/uploads\/phoenix2-1024x461.jpg\"},{\"@type\":\"BreadcrumbList\",\"@id\":\"https:\/\/www.pho.swiss\/fr\/a-propos-de-nous\/#breadcrumb\",\"itemListElement\":[{\"@type\":\"ListItem\",\"position\":1,\"name\":\"Startseite\",\"item\":\"https:\/\/www.pho.swiss\/fr\/\"},{\"@type\":\"ListItem\",\"position\":2,\"name\":\"\u00c0 propos de nous\"}]},{\"@type\":\"WebSite\",\"@id\":\"https:\/\/www.pho.swiss\/fr\/#website\",\"url\":\"https:\/\/www.pho.swiss\/fr\/\",\"name\":\"Phoenix SysTec AG \u2013 Swiss Window Technology\",\"description\":\"Swiss Window Technology\",\"publisher\":{\"@id\":\"https:\/\/www.pho.swiss\/fr\/#organization\"},\"potentialAction\":[{\"@type\":\"SearchAction\",\"target\":{\"@type\":\"EntryPoint\",\"urlTemplate\":\"https:\/\/www.pho.swiss\/fr\/?s={search_term_string}\"},\"query-input\":{\"@type\":\"PropertyValueSpecification\",\"valueRequired\":true,\"valueName\":\"search_term_string\"}}],\"inLanguage\":\"fr-FR\"},{\"@type\":\"Organization\",\"@id\":\"https:\/\/www.pho.swiss\/fr\/#organization\",\"name\":\"Phoenix SysTec AG\",\"url\":\"https:\/\/www.pho.swiss\/fr\/\",\"logo\":{\"@type\":\"ImageObject\",\"inLanguage\":\"fr-FR\",\"@id\":\"https:\/\/www.pho.swiss\/fr\/#\/schema\/logo\/image\/\",\"url\":\"https:\/\/www.pho.swiss\/wp-content\/uploads\/2022\/06\/icon.jpg\",\"contentUrl\":\"https:\/\/www.pho.swiss\/wp-content\/uploads\/2022\/06\/icon.jpg\",\"width\":692,\"height\":638,\"caption\":\"Phoenix SysTec AG\"},\"image\":{\"@id\":\"https:\/\/www.pho.swiss\/fr\/#\/schema\/logo\/image\/\"}}]}<\/script>\n<!-- \/ Yoast SEO plugin. -->","yoast_head_json":{"title":"\u00c0 propos de nous - Phoenix SysTec AG \u2013 Swiss Window Technology","description":"Innovative Systeme f\u00fcr Holz-\/Metallfenster aus der Schweiz. Wir bieten Ihnen hochwertige Qualit\u00e4t, beste Verarbeitung und ein gutes Preis-\/Leistungs-Verh\u00e4ltnis.","robots":{"index":"index","follow":"follow","max-snippet":"max-snippet:-1","max-image-preview":"max-image-preview:large","max-video-preview":"max-video-preview:-1"},"canonical":"https:\/\/www.pho.swiss\/fr\/a-propos-de-nous\/","og_locale":"fr_FR","og_type":"article","og_title":"\u00c0 propos de nous - Phoenix SysTec AG \u2013 Swiss Window Technology","og_description":"Innovative Systeme f\u00fcr Holz-\/Metallfenster aus der Schweiz. Wir bieten Ihnen hochwertige Qualit\u00e4t, beste Verarbeitung und ein gutes Preis-\/Leistungs-Verh\u00e4ltnis.","og_url":"https:\/\/www.pho.swiss\/fr\/a-propos-de-nous\/","og_site_name":"Phoenix SysTec AG \u2013 Swiss Window Technology","article_modified_time":"2022-09-30T06:59:48+00:00","og_image":[{"url":"https:\/\/www.pho.swiss\/wp-content\/uploads\/phoenix2-1024x461.jpg","type":"","width":"","height":""}],"twitter_card":"summary_large_image","twitter_misc":{"Dur\u00e9e de lecture estim\u00e9e":"1 minute"},"schema":{"@context":"https:\/\/schema.org","@graph":[{"@type":"WebPage","@id":"https:\/\/www.pho.swiss\/fr\/a-propos-de-nous\/","url":"https:\/\/www.pho.swiss\/fr\/a-propos-de-nous\/","name":"\u00c0 propos de nous - Phoenix SysTec AG \u2013 Swiss Window Technology","isPartOf":{"@id":"https:\/\/www.pho.swiss\/fr\/#website"},"primaryImageOfPage":{"@id":"https:\/\/www.pho.swiss\/fr\/a-propos-de-nous\/#primaryimage"},"image":{"@id":"https:\/\/www.pho.swiss\/fr\/a-propos-de-nous\/#primaryimage"},"thumbnailUrl":"https:\/\/www.pho.swiss\/wp-content\/uploads\/phoenix2-1024x461.jpg","datePublished":"2022-06-14T10:21:02+00:00","dateModified":"2022-09-30T06:59:48+00:00","description":"Innovative Systeme f\u00fcr Holz-\/Metallfenster aus der Schweiz. Wir bieten Ihnen hochwertige Qualit\u00e4t, beste Verarbeitung und ein gutes Preis-\/Leistungs-Verh\u00e4ltnis.","breadcrumb":{"@id":"https:\/\/www.pho.swiss\/fr\/a-propos-de-nous\/#breadcrumb"},"inLanguage":"fr-FR","potentialAction":[{"@type":"ReadAction","target":["https:\/\/www.pho.swiss\/fr\/a-propos-de-nous\/"]}]},{"@type":"ImageObject","inLanguage":"fr-FR","@id":"https:\/\/www.pho.swiss\/fr\/a-propos-de-nous\/#primaryimage","url":"https:\/\/www.pho.swiss\/wp-content\/uploads\/phoenix2-1024x461.jpg","contentUrl":"https:\/\/www.pho.swiss\/wp-content\/uploads\/phoenix2-1024x461.jpg"},{"@type":"BreadcrumbList","@id":"https:\/\/www.pho.swiss\/fr\/a-propos-de-nous\/#breadcrumb","itemListElement":[{"@type":"ListItem","position":1,"name":"Startseite","item":"https:\/\/www.pho.swiss\/fr\/"},{"@type":"ListItem","position":2,"name":"\u00c0 propos de nous"}]},{"@type":"WebSite","@id":"https:\/\/www.pho.swiss\/fr\/#website","url":"https:\/\/www.pho.swiss\/fr\/","name":"Phoenix SysTec AG \u2013 Swiss Window Technology","description":"Swiss Window Technology","publisher":{"@id":"https:\/\/www.pho.swiss\/fr\/#organization"},"potentialAction":[{"@type":"SearchAction","target":{"@type":"EntryPoint","urlTemplate":"https:\/\/www.pho.swiss\/fr\/?s={search_term_string}"},"query-input":{"@type":"PropertyValueSpecification","valueRequired":true,"valueName":"search_term_string"}}],"inLanguage":"fr-FR"},{"@type":"Organization","@id":"https:\/\/www.pho.swiss\/fr\/#organization","name":"Phoenix SysTec AG","url":"https:\/\/www.pho.swiss\/fr\/","logo":{"@type":"ImageObject","inLanguage":"fr-FR","@id":"https:\/\/www.pho.swiss\/fr\/#\/schema\/logo\/image\/","url":"https:\/\/www.pho.swiss\/wp-content\/uploads\/2022\/06\/icon.jpg","contentUrl":"https:\/\/www.pho.swiss\/wp-content\/uploads\/2022\/06\/icon.jpg","width":692,"height":638,"caption":"Phoenix SysTec AG"},"image":{"@id":"https:\/\/www.pho.swiss\/fr\/#\/schema\/logo\/image\/"}}]}},"_links":{"self":[{"href":"https:\/\/www.pho.swiss\/fr\/wp-json\/wp\/v2\/pages\/1332","targetHints":{"allow":["GET"]}}],"collection":[{"href":"https:\/\/www.pho.swiss\/fr\/wp-json\/wp\/v2\/pages"}],"about":[{"href":"https:\/\/www.pho.swiss\/fr\/wp-json\/wp\/v2\/types\/page"}],"author":[{"embeddable":true,"href":"https:\/\/www.pho.swiss\/fr\/wp-json\/wp\/v2\/users\/1"}],"replies":[{"embeddable":true,"href":"https:\/\/www.pho.swiss\/fr\/wp-json\/wp\/v2\/comments?post=1332"}],"version-history":[{"count":13,"href":"https:\/\/www.pho.swiss\/fr\/wp-json\/wp\/v2\/pages\/1332\/revisions"}],"predecessor-version":[{"id":1507,"href":"https:\/\/www.pho.swiss\/fr\/wp-json\/wp\/v2\/pages\/1332\/revisions\/1507"}],"wp:attachment":[{"href":"https:\/\/www.pho.swiss\/fr\/wp-json\/wp\/v2\/media?parent=1332"}],"curies":[{"name":"wp","href":"https:\/\/api.w.org\/{rel}","templated":true}]}}