{"id":1333,"date":"2022-05-13T11:02:52","date_gmt":"2022-05-13T09:02:52","guid":{"rendered":"https:\/\/stage.pho.swiss\/mentions-legales\/"},"modified":"2022-09-21T12:09:27","modified_gmt":"2022-09-21T10:09:27","slug":"mentions-legales","status":"publish","type":"page","link":"https:\/\/www.pho.swiss\/fr\/mentions-legales\/","title":{"rendered":"Mentions l\u00e9gales"},"content":{"rendered":"\n<div style=\"height:100px\" aria-hidden=\"true\" class=\"wp-block-spacer is-style-space-1\"><\/div>\n\n<h1 class=\"wp-block-heading\">Mentions l\u00e9gales<\/h1>\n\n<p><strong>Adresse de contact<\/strong><br\/>Phoenix SysTec AG<br\/>Aeschenplatz 4<br\/>4052 B\u00e2le<br\/>Suisse<br\/>info@stage.pho.swiss<\/p>\n\n<p><strong>Personnes autoris\u00e9es \u00e0 repr\u00e9senter l&rsquo;association<\/strong><br\/>Patrice Justin Wissler<\/p>\n\n<p><strong>Inscription au registre du commerce<\/strong><br\/>Nom de l&rsquo;entreprise enregistr\u00e9e :<br\/>Phoenix SysTec AG<\/p>\n\n<p>Num\u00e9ro d&rsquo;inscription au registre du commerce<br\/>CH-270.3.016.476-1<\/p>\n\n<p>IDE\/TVA<br\/>CHE-349.990.085<\/p>\n\n<p><a href=\"mailto:info@perrig-ag.ch\"><\/a><\/p>\n\n<div style=\"height:100px\" aria-hidden=\"true\" class=\"wp-block-spacer is-style-space-1\"><\/div>\n\n<h2 class=\"is-style-sub-title-3 wp-block-heading\">Mise en \u0153uvre<\/h2>\n\n<p><a href=\"https:\/\/berchtold-marketing.ch\/\">Berchtold-Marketing GmbH, Liestal<\/a><\/p>\n\n<div style=\"height:100px\" aria-hidden=\"true\" class=\"wp-block-spacer is-style-space-1\"><\/div>\n\n<div style=\"height:100px\" aria-hidden=\"true\" class=\"wp-block-spacer is-style-space-1\"><\/div>\n\n<p><\/p>\n","protected":false},"excerpt":{"rendered":"<p>Mentions l\u00e9gales Adresse de contactPhoenix SysTec AGAeschenplatz 44052 B\u00e2leSuisseinfo@stage.pho.swiss Personnes autoris\u00e9es \u00e0 repr\u00e9senter l&rsquo;associationPatrice Justin Wissler Inscription au registre du commerceNom de l&rsquo;entreprise enregistr\u00e9e :Phoenix SysTec AG Num\u00e9ro d&rsquo;inscription au registre du commerceCH-270.3.016.476-1 IDE\/TVACHE-349.990.085 Mise en \u0153uvre Berchtold-Marketing GmbH, Liestal<\/p>\n","protected":false},"author":1,"featured_media":0,"parent":0,"menu_order":0,"comment_status":"closed","ping_status":"closed","template":"","meta":{"_acf_changed":false,"footnotes":""},"class_list":["post-1333","page","type-page","status-publish","hentry"],"acf":[],"yoast_head":"<!-- This site is optimized with the Yoast SEO plugin v26.5 - https:\/\/yoast.com\/wordpress\/plugins\/seo\/ -->\n<title>Mentions l\u00e9gales - Phoenix SysTec AG \u2013 Swiss Window Technology<\/title>\n<meta name=\"description\" content=\"Innovative Systeme f\u00fcr Holz-\/Metallfenster aus der Schweiz. Wir bieten Ihnen hochwertige Qualit\u00e4t, beste Verarbeitung und ein gutes Preis-\/Leistungs-Verh\u00e4ltnis.\" \/>\n<meta name=\"robots\" content=\"index, follow, max-snippet:-1, max-image-preview:large, max-video-preview:-1\" \/>\n<link rel=\"canonical\" href=\"https:\/\/www.pho.swiss\/fr\/mentions-legales\/\" \/>\n<meta property=\"og:locale\" content=\"fr_FR\" \/>\n<meta property=\"og:type\" content=\"article\" \/>\n<meta property=\"og:title\" content=\"Mentions l\u00e9gales - Phoenix SysTec AG \u2013 Swiss Window Technology\" \/>\n<meta property=\"og:description\" content=\"Innovative Systeme f\u00fcr Holz-\/Metallfenster aus der Schweiz. Wir bieten Ihnen hochwertige Qualit\u00e4t, beste Verarbeitung und ein gutes Preis-\/Leistungs-Verh\u00e4ltnis.\" \/>\n<meta property=\"og:url\" content=\"https:\/\/www.pho.swiss\/fr\/mentions-legales\/\" \/>\n<meta property=\"og:site_name\" content=\"Phoenix SysTec AG \u2013 Swiss Window Technology\" \/>\n<meta property=\"article:modified_time\" content=\"2022-09-21T10:09:27+00:00\" \/>\n<meta name=\"twitter:card\" content=\"summary_large_image\" \/>\n<script type=\"application\/ld+json\" class=\"yoast-schema-graph\">{\"@context\":\"https:\/\/schema.org\",\"@graph\":[{\"@type\":\"WebPage\",\"@id\":\"https:\/\/www.pho.swiss\/fr\/mentions-legales\/\",\"url\":\"https:\/\/www.pho.swiss\/fr\/mentions-legales\/\",\"name\":\"Mentions l\u00e9gales - Phoenix SysTec AG \u2013 Swiss Window Technology\",\"isPartOf\":{\"@id\":\"https:\/\/www.pho.swiss\/fr\/#website\"},\"datePublished\":\"2022-05-13T09:02:52+00:00\",\"dateModified\":\"2022-09-21T10:09:27+00:00\",\"description\":\"Innovative Systeme f\u00fcr Holz-\/Metallfenster aus der Schweiz. Wir bieten Ihnen hochwertige Qualit\u00e4t, beste Verarbeitung und ein gutes Preis-\/Leistungs-Verh\u00e4ltnis.\",\"breadcrumb\":{\"@id\":\"https:\/\/www.pho.swiss\/fr\/mentions-legales\/#breadcrumb\"},\"inLanguage\":\"fr-FR\",\"potentialAction\":[{\"@type\":\"ReadAction\",\"target\":[\"https:\/\/www.pho.swiss\/fr\/mentions-legales\/\"]}]},{\"@type\":\"BreadcrumbList\",\"@id\":\"https:\/\/www.pho.swiss\/fr\/mentions-legales\/#breadcrumb\",\"itemListElement\":[{\"@type\":\"ListItem\",\"position\":1,\"name\":\"Startseite\",\"item\":\"https:\/\/www.pho.swiss\/fr\/\"},{\"@type\":\"ListItem\",\"position\":2,\"name\":\"Mentions l\u00e9gales\"}]},{\"@type\":\"WebSite\",\"@id\":\"https:\/\/www.pho.swiss\/fr\/#website\",\"url\":\"https:\/\/www.pho.swiss\/fr\/\",\"name\":\"Phoenix SysTec AG \u2013 Swiss Window Technology\",\"description\":\"Swiss Window Technology\",\"publisher\":{\"@id\":\"https:\/\/www.pho.swiss\/fr\/#organization\"},\"potentialAction\":[{\"@type\":\"SearchAction\",\"target\":{\"@type\":\"EntryPoint\",\"urlTemplate\":\"https:\/\/www.pho.swiss\/fr\/?s={search_term_string}\"},\"query-input\":{\"@type\":\"PropertyValueSpecification\",\"valueRequired\":true,\"valueName\":\"search_term_string\"}}],\"inLanguage\":\"fr-FR\"},{\"@type\":\"Organization\",\"@id\":\"https:\/\/www.pho.swiss\/fr\/#organization\",\"name\":\"Phoenix SysTec AG\",\"url\":\"https:\/\/www.pho.swiss\/fr\/\",\"logo\":{\"@type\":\"ImageObject\",\"inLanguage\":\"fr-FR\",\"@id\":\"https:\/\/www.pho.swiss\/fr\/#\/schema\/logo\/image\/\",\"url\":\"https:\/\/www.pho.swiss\/wp-content\/uploads\/2022\/06\/icon.jpg\",\"contentUrl\":\"https:\/\/www.pho.swiss\/wp-content\/uploads\/2022\/06\/icon.jpg\",\"width\":692,\"height\":638,\"caption\":\"Phoenix SysTec AG\"},\"image\":{\"@id\":\"https:\/\/www.pho.swiss\/fr\/#\/schema\/logo\/image\/\"}}]}<\/script>\n<!-- \/ Yoast SEO plugin. -->","yoast_head_json":{"title":"Mentions l\u00e9gales - Phoenix SysTec AG \u2013 Swiss Window Technology","description":"Innovative Systeme f\u00fcr Holz-\/Metallfenster aus der Schweiz. Wir bieten Ihnen hochwertige Qualit\u00e4t, beste Verarbeitung und ein gutes Preis-\/Leistungs-Verh\u00e4ltnis.","robots":{"index":"index","follow":"follow","max-snippet":"max-snippet:-1","max-image-preview":"max-image-preview:large","max-video-preview":"max-video-preview:-1"},"canonical":"https:\/\/www.pho.swiss\/fr\/mentions-legales\/","og_locale":"fr_FR","og_type":"article","og_title":"Mentions l\u00e9gales - Phoenix SysTec AG \u2013 Swiss Window Technology","og_description":"Innovative Systeme f\u00fcr Holz-\/Metallfenster aus der Schweiz. Wir bieten Ihnen hochwertige Qualit\u00e4t, beste Verarbeitung und ein gutes Preis-\/Leistungs-Verh\u00e4ltnis.","og_url":"https:\/\/www.pho.swiss\/fr\/mentions-legales\/","og_site_name":"Phoenix SysTec AG \u2013 Swiss Window Technology","article_modified_time":"2022-09-21T10:09:27+00:00","twitter_card":"summary_large_image","schema":{"@context":"https:\/\/schema.org","@graph":[{"@type":"WebPage","@id":"https:\/\/www.pho.swiss\/fr\/mentions-legales\/","url":"https:\/\/www.pho.swiss\/fr\/mentions-legales\/","name":"Mentions l\u00e9gales - Phoenix SysTec AG \u2013 Swiss Window Technology","isPartOf":{"@id":"https:\/\/www.pho.swiss\/fr\/#website"},"datePublished":"2022-05-13T09:02:52+00:00","dateModified":"2022-09-21T10:09:27+00:00","description":"Innovative Systeme f\u00fcr Holz-\/Metallfenster aus der Schweiz. Wir bieten Ihnen hochwertige Qualit\u00e4t, beste Verarbeitung und ein gutes Preis-\/Leistungs-Verh\u00e4ltnis.","breadcrumb":{"@id":"https:\/\/www.pho.swiss\/fr\/mentions-legales\/#breadcrumb"},"inLanguage":"fr-FR","potentialAction":[{"@type":"ReadAction","target":["https:\/\/www.pho.swiss\/fr\/mentions-legales\/"]}]},{"@type":"BreadcrumbList","@id":"https:\/\/www.pho.swiss\/fr\/mentions-legales\/#breadcrumb","itemListElement":[{"@type":"ListItem","position":1,"name":"Startseite","item":"https:\/\/www.pho.swiss\/fr\/"},{"@type":"ListItem","position":2,"name":"Mentions l\u00e9gales"}]},{"@type":"WebSite","@id":"https:\/\/www.pho.swiss\/fr\/#website","url":"https:\/\/www.pho.swiss\/fr\/","name":"Phoenix SysTec AG \u2013 Swiss Window Technology","description":"Swiss Window Technology","publisher":{"@id":"https:\/\/www.pho.swiss\/fr\/#organization"},"potentialAction":[{"@type":"SearchAction","target":{"@type":"EntryPoint","urlTemplate":"https:\/\/www.pho.swiss\/fr\/?s={search_term_string}"},"query-input":{"@type":"PropertyValueSpecification","valueRequired":true,"valueName":"search_term_string"}}],"inLanguage":"fr-FR"},{"@type":"Organization","@id":"https:\/\/www.pho.swiss\/fr\/#organization","name":"Phoenix SysTec AG","url":"https:\/\/www.pho.swiss\/fr\/","logo":{"@type":"ImageObject","inLanguage":"fr-FR","@id":"https:\/\/www.pho.swiss\/fr\/#\/schema\/logo\/image\/","url":"https:\/\/www.pho.swiss\/wp-content\/uploads\/2022\/06\/icon.jpg","contentUrl":"https:\/\/www.pho.swiss\/wp-content\/uploads\/2022\/06\/icon.jpg","width":692,"height":638,"caption":"Phoenix SysTec AG"},"image":{"@id":"https:\/\/www.pho.swiss\/fr\/#\/schema\/logo\/image\/"}}]}},"_links":{"self":[{"href":"https:\/\/www.pho.swiss\/fr\/wp-json\/wp\/v2\/pages\/1333","targetHints":{"allow":["GET"]}}],"collection":[{"href":"https:\/\/www.pho.swiss\/fr\/wp-json\/wp\/v2\/pages"}],"about":[{"href":"https:\/\/www.pho.swiss\/fr\/wp-json\/wp\/v2\/types\/page"}],"author":[{"embeddable":true,"href":"https:\/\/www.pho.swiss\/fr\/wp-json\/wp\/v2\/users\/1"}],"replies":[{"embeddable":true,"href":"https:\/\/www.pho.swiss\/fr\/wp-json\/wp\/v2\/comments?post=1333"}],"version-history":[{"count":1,"href":"https:\/\/www.pho.swiss\/fr\/wp-json\/wp\/v2\/pages\/1333\/revisions"}],"predecessor-version":[{"id":1344,"href":"https:\/\/www.pho.swiss\/fr\/wp-json\/wp\/v2\/pages\/1333\/revisions\/1344"}],"wp:attachment":[{"href":"https:\/\/www.pho.swiss\/fr\/wp-json\/wp\/v2\/media?parent=1333"}],"curies":[{"name":"wp","href":"https:\/\/api.w.org\/{rel}","templated":true}]}}