{"id":1335,"date":"2022-06-14T12:27:12","date_gmt":"2022-06-14T10:27:12","guid":{"rendered":"https:\/\/stage.pho.swiss\/pho-100\/"},"modified":"2022-12-22T14:43:15","modified_gmt":"2022-12-22T13:43:15","slug":"pho-100","status":"publish","type":"page","link":"https:\/\/www.pho.swiss\/fr\/pho-100\/","title":{"rendered":"Pho 100"},"content":{"rendered":"\n<div style=\"height:100px\" aria-hidden=\"true\" class=\"wp-block-spacer hidden-xs is-style-default\"><\/div>\n\n<div class=\"wp-block-columns tablet-full is-layout-flex wp-container-core-columns-is-layout-9d6595d7 wp-block-columns-is-layout-flex\">\n<div class=\"wp-block-column is-layout-flow wp-block-column-is-layout-flow\">\n<div style=\"height:100px\" aria-hidden=\"true\" class=\"wp-block-spacer is-style-space-1\"><\/div>\n\n\n\n<h1 class=\"is-style-default wp-block-heading\" data-aos=\"fade-up\" data-aos-duration=\"600\"><strong>\n  <strong>Pho 100<br\/><\/strong>\n<\/strong>Syst\u00e8me de fen\u00eatres et de fa\u00e7ades<strong> <\/strong><\/h1>\n\n\n\n<p class=\"is-style-text-teaser\" data-aos=\"fade-up\" data-aos-delay=\"50\" data-aos-duration=\"600\">Le syst\u00e8me de fen\u00eatres et de fa\u00e7ades convient pour les immeubles collectifs exigeants, les b\u00e2timents publics jusqu&rsquo;aux fa\u00e7ades en bois\/m\u00e9tal.<\/p>\n\n\n\n<div style=\"height:100px\" aria-hidden=\"true\" class=\"wp-block-spacer is-style-space-3\"><\/div>\n\n\n\n<div class=\"wp-block-buttons is-layout-flex wp-block-buttons-is-layout-flex\" data-aos=\"fade-up\" data-aos-delay=\"100\" data-aos-duration=\"600\">\n<div class=\"wp-block-button\"><a class=\"wp-block-button__link wp-element-button\" href=\"https:\/\/www.pho.swiss\/fr\/connexion\/\">Catalogue de produits<\/a><\/div>\n<\/div>\n<\/div>\n\n\n\n<div class=\"wp-block-column is-layout-flow wp-block-column-is-layout-flow\">\n<video autoplay=\"\" loop=\"\" muted=\"\" playsinline=\"\">\n  <source src=\"https:\/\/www.pho.swiss\/wp-content\/uploads\/Pho-100-website.webm\" type=\"video\/webm\">\n  <source src=\"https:\/\/www.pho.swiss\/wp-content\/uploads\/Pho-100-website.mp4\" type=\"video\/mp4\">\n<\/source\/><\/video>\n<\/div>\n<\/div>\n\n<div style=\"height:100px\" aria-hidden=\"true\" class=\"wp-block-spacer is-style-space-1\"><\/div>\n\n<div class=\"wp-block-group alignwide has-silver-background-color has-background\"><div class=\"wp-block-group__inner-container is-layout-flow wp-block-group-is-layout-flow\">\n<div style=\"height:100px\" aria-hidden=\"true\" class=\"wp-block-spacer is-style-space-1\"><\/div>\n\n\n\n<h2 class=\"is-style-sub-title-2 wp-block-heading\">Ex\u00e9cutions<\/h2>\n\n\n\n<p class=\"is-style-text-teaser\">Le syst\u00e8me est disponible dans les versions \u00e0 surface d\u00e9cal\u00e9e \u00e0 ar\u00eates vives, \u00e0 surface affleur\u00e9e \u00e0 ar\u00eates vives et \u00e0 surface d\u00e9cal\u00e9e en biais. Les profil\u00e9s des battants et des cadres sont ventil\u00e9s de mani\u00e8re optimale et de la meilleure qualit\u00e9.<\/p>\n\n\n\n<div style=\"height:100px\" aria-hidden=\"true\" class=\"wp-block-spacer is-style-space-2\"><\/div>\n\n\n\n<ul class=\"list-icons wp-block-list\">\n<li>Fen\u00eatre en battant-\/oscillant-battant, et porte-fen\u00eatre en composition mixte<\/li>\n\n\n\n<li>Fen\u00eatres\/portes-fen\u00eatres \u00e0 1, 2 et plusieurs vantaux<\/li>\n\n\n\n<li>El\u00e9ment de fen\u00eatre avec montant-\/traverse en enfilade<\/li>\n\n\n\n<li>Porte fen\u00eatre avec seuil plat<\/li>\n\n\n\n<li>Porte ouvrante vers l\u2019ext\u00e9rieur<\/li>\n\n\n\n<li>Fen\u00eatre en biais, cintr\u00e9e, en anse de panier, ou ronde<\/li>\n\n\n\n<li>Teintes RAL\/NCS selon le standard GSB\/Qualicoat<\/li>\n\n\n\n<li>Joint de cadre en qualit\u00e9 EPDM<\/li>\n\n\n\n<li>Anodisation selon la norme EURAS<\/li>\n\n\n\n<li>Renvoi d\u2019eau r\u00e9glable<\/li>\n\n\n\n<li>Seuil plat suivant SIA 500, <br\/>fiche d\u2019information 031<\/li>\n<\/ul>\n\n\n\n<div style=\"height:100px\" aria-hidden=\"true\" class=\"wp-block-spacer is-style-space-1\"><\/div>\n<\/div><\/div>\n\n<div style=\"height:100px\" aria-hidden=\"true\" class=\"wp-block-spacer is-style-space-1\"><\/div>\n\n<h2 class=\"is-style-sub-title-2 wp-block-heading\">Caract\u00e9ristiques de performance<\/h2>\n\n<div style=\"height:100px\" aria-hidden=\"true\" class=\"wp-block-spacer is-style-space-3\"><\/div>\n\n<ul class=\"list-icons-check wp-block-list\">\n<li>Profondeurs de construction individuelles selon les souhaits du client<\/li>\n\n\n\n<li>Etanch\u00e9it\u00e9 \u00e0 la pluie battante de classe 9A ou sup\u00e9rieure<\/li>\n\n\n\n<li>Perm\u00e9abilit\u00e9 \u00e0 l&rsquo;air de classe 4<\/li>\n\n\n\n<li>R\u00e9sistance \u00e0 la charge du vent classe B2\/C2 ou sup\u00e9rieure<\/li>\n\n\n\n<li>S\u00e9curit\u00e9 anti-chute test\u00e9e<\/li>\n<\/ul>\n\n<div style=\"height:100px\" aria-hidden=\"true\" class=\"wp-block-spacer is-style-space-1\"><\/div>\n\n<p class=\"is-style-default info-block has-silver-background-color has-background\">Confirmation de la commande dans les 72 heures,<br\/>Livraison en 15 AT pour les formes et les couleurs standard.<\/p>\n\n<div style=\"height:100px\" aria-hidden=\"true\" class=\"wp-block-spacer is-style-space-1\"><\/div>\n\n<section data-aos-duration=\"600\" data-aos=\"fade-up\" id=\"block-page-preview-block_62b03471fe964\" class=\"block-page-preview desktop-itemSize3 tablet-itemSize3 mobile-itemSize1\">\n  <div class=\"page-preview-wrap\">\n          <div class=\"pageItem\">\n        <div class=\"itemWrap\">\n          <a href=\"https:\/\/www.pho.swiss\/fr\/couleurs\/\">                                <div class=\"imageWrap\">\n              <div class=\"img16to9 imageBox imgLiquidFill\"><img loading=\"lazy\" decoding=\"async\" width=\"1024\" height=\"577\" src=\"https:\/\/www.pho.swiss\/wp-content\/uploads\/2022\/06\/farben-1-1024x577.jpg\" class=\"attachment-large size-large\" alt=\"\" srcset=\"https:\/\/www.pho.swiss\/wp-content\/uploads\/2022\/06\/farben-1-1024x577.jpg 1024w, https:\/\/www.pho.swiss\/wp-content\/uploads\/2022\/06\/farben-1-300x169.jpg 300w, https:\/\/www.pho.swiss\/wp-content\/uploads\/2022\/06\/farben-1-768x432.jpg 768w, https:\/\/www.pho.swiss\/wp-content\/uploads\/2022\/06\/farben-1.jpg 1254w\" sizes=\"auto, (max-width: 1024px) 100vw, 1024px\" \/><\/div>\n            <\/div>\n                    <h2 class=\"is-style-sub-title-3  noText text-left\">Couleurs<\/h2>                    <\/a>        <\/div>\n      <\/div>\n\n          <div class=\"pageItem\">\n        <div class=\"itemWrap\">\n          <a href=\"https:\/\/www.pho.swiss\/fr\/toles\/\">                                <div class=\"imageWrap\">\n              <div class=\"img16to9 imageBox imgLiquidFill\"><img loading=\"lazy\" decoding=\"async\" width=\"1024\" height=\"683\" src=\"https:\/\/www.pho.swiss\/wp-content\/uploads\/2022\/06\/bleche-1024x683.jpg\" class=\"attachment-large size-large\" alt=\"\" srcset=\"https:\/\/www.pho.swiss\/wp-content\/uploads\/2022\/06\/bleche-1024x683.jpg 1024w, https:\/\/www.pho.swiss\/wp-content\/uploads\/2022\/06\/bleche-300x200.jpg 300w, https:\/\/www.pho.swiss\/wp-content\/uploads\/2022\/06\/bleche-768x512.jpg 768w, https:\/\/www.pho.swiss\/wp-content\/uploads\/2022\/06\/bleche-1536x1024.jpg 1536w, https:\/\/www.pho.swiss\/wp-content\/uploads\/2022\/06\/bleche-2048x1365.jpg 2048w, https:\/\/www.pho.swiss\/wp-content\/uploads\/2022\/06\/bleche-1920x1280.jpg 1920w\" sizes=\"auto, (max-width: 1024px) 100vw, 1024px\" \/><\/div>\n            <\/div>\n                    <h2 class=\"is-style-sub-title-3  noText text-left\">Constructions en t\u00f4le<\/h2>                    <\/a>        <\/div>\n      <\/div>\n\n          <div class=\"pageItem\">\n        <div class=\"itemWrap\">\n          <a href=\"https:\/\/www.pho.swiss\/fr\/contact\/\">                                <div class=\"imageWrap\">\n              <div class=\"img16to9 imageBox imgLiquidFill\"><img loading=\"lazy\" decoding=\"async\" width=\"1024\" height=\"576\" src=\"https:\/\/www.pho.swiss\/wp-content\/uploads\/2022\/06\/meeting-1024x576.jpg\" class=\"attachment-large size-large\" alt=\"\" srcset=\"https:\/\/www.pho.swiss\/wp-content\/uploads\/2022\/06\/meeting-1024x576.jpg 1024w, https:\/\/www.pho.swiss\/wp-content\/uploads\/2022\/06\/meeting-300x169.jpg 300w, https:\/\/www.pho.swiss\/wp-content\/uploads\/2022\/06\/meeting-768x432.jpg 768w, https:\/\/www.pho.swiss\/wp-content\/uploads\/2022\/06\/meeting-1536x864.jpg 1536w, https:\/\/www.pho.swiss\/wp-content\/uploads\/2022\/06\/meeting-2048x1152.jpg 2048w, https:\/\/www.pho.swiss\/wp-content\/uploads\/2022\/06\/meeting-1920x1080.jpg 1920w\" sizes=\"auto, (max-width: 1024px) 100vw, 1024px\" \/><\/div>\n            <\/div>\n                    <h2 class=\"is-style-sub-title-3  noText text-left\">Demandes<\/h2>                    <\/a>        <\/div>\n      <\/div>\n\n      <\/div>\n<\/section>\n\n\n\n<div style=\"height:100px\" aria-hidden=\"true\" class=\"wp-block-spacer is-style-space-1\"><\/div>\n\n<div class=\"wp-block-group alignfull pho-cta has-default-1-background-color has-background\"><div class=\"wp-block-group__inner-container is-layout-flow wp-block-group-is-layout-flow\">\n<div style=\"height:100px\" aria-hidden=\"true\" class=\"wp-block-spacer is-style-space-1\"><\/div>\n\n\n\n<div class=\"wp-block-columns is-layout-flex wp-container-core-columns-is-layout-9d6595d7 wp-block-columns-is-layout-flex\">\n<div class=\"wp-block-column is-layout-flow wp-block-column-is-layout-flow\" style=\"flex-basis:66.66%\">\n<p class=\"is-style-text-teaser has-white-color has-text-color\">Les documentations techniques de nos syst\u00e8mes sont disponibles ici sous forme num\u00e9rique. Trouvez les informations que vous cherchez &#8211; rapidement et facilement.<\/p>\n\n\n\n<div style=\"height:100px\" aria-hidden=\"true\" class=\"wp-block-spacer is-style-space-3\"><\/div>\n\n\n\n<div class=\"wp-block-buttons is-layout-flex wp-block-buttons-is-layout-flex\">\n<div class=\"wp-block-button is-style-outline is-style-outline--1\"><a class=\"wp-block-button__link wp-element-button\" href=\"https:\/\/www.pho.swiss\/fr\/connexion\/\">Catalogue de produits<\/a><\/div>\n<\/div>\n<\/div>\n\n\n\n<div class=\"wp-block-column is-layout-flow wp-block-column-is-layout-flow\" style=\"flex-basis:33.33%\"><div class=\"wp-block-image hidden-xs\">\n<figure class=\"alignright size-large is-resized\"><img loading=\"lazy\" decoding=\"async\" src=\"https:\/\/www.pho.swiss\/wp-content\/uploads\/2022\/06\/Signet-white-1024x948.png\" alt=\"\" class=\"wp-image-927\" width=\"211\" height=\"196\" srcset=\"https:\/\/www.pho.swiss\/wp-content\/uploads\/2022\/06\/Signet-white-1024x948.png 1024w, https:\/\/www.pho.swiss\/wp-content\/uploads\/2022\/06\/Signet-white-300x278.png 300w, https:\/\/www.pho.swiss\/wp-content\/uploads\/2022\/06\/Signet-white-768x711.png 768w, https:\/\/www.pho.swiss\/wp-content\/uploads\/2022\/06\/Signet-white-1536x1422.png 1536w, https:\/\/www.pho.swiss\/wp-content\/uploads\/2022\/06\/Signet-white-2048x1897.png 2048w, https:\/\/www.pho.swiss\/wp-content\/uploads\/2022\/06\/Signet-white-1920x1778.png 1920w\" sizes=\"auto, (max-width: 211px) 100vw, 211px\" \/><\/figure>\n<\/div><\/div>\n<\/div>\n\n\n\n<div style=\"height:1px\" aria-hidden=\"true\" class=\"wp-block-spacer\"><\/div>\n<\/div><\/div>\n","protected":false},"excerpt":{"rendered":"<p>Pho 100 Syst\u00e8me de fen\u00eatres et de fa\u00e7ades Le syst\u00e8me de fen\u00eatres et de fa\u00e7ades convient pour les immeubles collectifs exigeants, les b\u00e2timents publics jusqu&rsquo;aux fa\u00e7ades en bois\/m\u00e9tal. Ex\u00e9cutions Le syst\u00e8me est disponible dans les versions \u00e0 surface d\u00e9cal\u00e9e \u00e0 ar\u00eates vives, \u00e0 surface affleur\u00e9e \u00e0 ar\u00eates vives et \u00e0 surface d\u00e9cal\u00e9e en biais. Les [&hellip;]<\/p>\n","protected":false},"author":1,"featured_media":0,"parent":0,"menu_order":0,"comment_status":"closed","ping_status":"closed","template":"","meta":{"_acf_changed":false,"footnotes":""},"class_list":["post-1335","page","type-page","status-publish","hentry"],"acf":[],"yoast_head":"<!-- This site is optimized with the Yoast SEO plugin v26.5 - https:\/\/yoast.com\/wordpress\/plugins\/seo\/ -->\n<title>Pho 100 - Phoenix SysTec AG \u2013 Swiss Window Technology<\/title>\n<meta name=\"description\" content=\"Innovative Systeme f\u00fcr Holz-\/Metallfenster aus der Schweiz. Wir bieten Ihnen hochwertige Qualit\u00e4t, beste Verarbeitung und ein gutes Preis-\/Leistungs-Verh\u00e4ltnis.\" \/>\n<meta name=\"robots\" content=\"index, follow, max-snippet:-1, max-image-preview:large, max-video-preview:-1\" \/>\n<link rel=\"canonical\" href=\"https:\/\/www.pho.swiss\/fr\/pho-100\/\" \/>\n<meta property=\"og:locale\" content=\"fr_FR\" \/>\n<meta property=\"og:type\" content=\"article\" \/>\n<meta property=\"og:title\" content=\"Pho 100 - Phoenix SysTec AG \u2013 Swiss Window Technology\" \/>\n<meta property=\"og:description\" content=\"Innovative Systeme f\u00fcr Holz-\/Metallfenster aus der Schweiz. Wir bieten Ihnen hochwertige Qualit\u00e4t, beste Verarbeitung und ein gutes Preis-\/Leistungs-Verh\u00e4ltnis.\" \/>\n<meta property=\"og:url\" content=\"https:\/\/www.pho.swiss\/fr\/pho-100\/\" \/>\n<meta property=\"og:site_name\" content=\"Phoenix SysTec AG \u2013 Swiss Window Technology\" \/>\n<meta property=\"article:modified_time\" content=\"2022-12-22T13:43:15+00:00\" \/>\n<meta name=\"twitter:card\" content=\"summary_large_image\" \/>\n<meta name=\"twitter:label1\" content=\"Dur\u00e9e de lecture estim\u00e9e\" \/>\n\t<meta name=\"twitter:data1\" content=\"1 minute\" \/>\n<script type=\"application\/ld+json\" class=\"yoast-schema-graph\">{\"@context\":\"https:\/\/schema.org\",\"@graph\":[{\"@type\":\"WebPage\",\"@id\":\"https:\/\/www.pho.swiss\/fr\/pho-100\/\",\"url\":\"https:\/\/www.pho.swiss\/fr\/pho-100\/\",\"name\":\"Pho 100 - Phoenix SysTec AG \u2013 Swiss Window Technology\",\"isPartOf\":{\"@id\":\"https:\/\/www.pho.swiss\/fr\/#website\"},\"datePublished\":\"2022-06-14T10:27:12+00:00\",\"dateModified\":\"2022-12-22T13:43:15+00:00\",\"description\":\"Innovative Systeme f\u00fcr Holz-\/Metallfenster aus der Schweiz. Wir bieten Ihnen hochwertige Qualit\u00e4t, beste Verarbeitung und ein gutes Preis-\/Leistungs-Verh\u00e4ltnis.\",\"breadcrumb\":{\"@id\":\"https:\/\/www.pho.swiss\/fr\/pho-100\/#breadcrumb\"},\"inLanguage\":\"fr-FR\",\"potentialAction\":[{\"@type\":\"ReadAction\",\"target\":[\"https:\/\/www.pho.swiss\/fr\/pho-100\/\"]}]},{\"@type\":\"BreadcrumbList\",\"@id\":\"https:\/\/www.pho.swiss\/fr\/pho-100\/#breadcrumb\",\"itemListElement\":[{\"@type\":\"ListItem\",\"position\":1,\"name\":\"Startseite\",\"item\":\"https:\/\/www.pho.swiss\/fr\/\"},{\"@type\":\"ListItem\",\"position\":2,\"name\":\"Pho 100\"}]},{\"@type\":\"WebSite\",\"@id\":\"https:\/\/www.pho.swiss\/fr\/#website\",\"url\":\"https:\/\/www.pho.swiss\/fr\/\",\"name\":\"Phoenix SysTec AG \u2013 Swiss Window Technology\",\"description\":\"Swiss Window Technology\",\"publisher\":{\"@id\":\"https:\/\/www.pho.swiss\/fr\/#organization\"},\"potentialAction\":[{\"@type\":\"SearchAction\",\"target\":{\"@type\":\"EntryPoint\",\"urlTemplate\":\"https:\/\/www.pho.swiss\/fr\/?s={search_term_string}\"},\"query-input\":{\"@type\":\"PropertyValueSpecification\",\"valueRequired\":true,\"valueName\":\"search_term_string\"}}],\"inLanguage\":\"fr-FR\"},{\"@type\":\"Organization\",\"@id\":\"https:\/\/www.pho.swiss\/fr\/#organization\",\"name\":\"Phoenix SysTec AG\",\"url\":\"https:\/\/www.pho.swiss\/fr\/\",\"logo\":{\"@type\":\"ImageObject\",\"inLanguage\":\"fr-FR\",\"@id\":\"https:\/\/www.pho.swiss\/fr\/#\/schema\/logo\/image\/\",\"url\":\"https:\/\/www.pho.swiss\/wp-content\/uploads\/2022\/06\/icon.jpg\",\"contentUrl\":\"https:\/\/www.pho.swiss\/wp-content\/uploads\/2022\/06\/icon.jpg\",\"width\":692,\"height\":638,\"caption\":\"Phoenix SysTec AG\"},\"image\":{\"@id\":\"https:\/\/www.pho.swiss\/fr\/#\/schema\/logo\/image\/\"}}]}<\/script>\n<!-- \/ Yoast SEO plugin. -->","yoast_head_json":{"title":"Pho 100 - Phoenix SysTec AG \u2013 Swiss Window Technology","description":"Innovative Systeme f\u00fcr Holz-\/Metallfenster aus der Schweiz. Wir bieten Ihnen hochwertige Qualit\u00e4t, beste Verarbeitung und ein gutes Preis-\/Leistungs-Verh\u00e4ltnis.","robots":{"index":"index","follow":"follow","max-snippet":"max-snippet:-1","max-image-preview":"max-image-preview:large","max-video-preview":"max-video-preview:-1"},"canonical":"https:\/\/www.pho.swiss\/fr\/pho-100\/","og_locale":"fr_FR","og_type":"article","og_title":"Pho 100 - Phoenix SysTec AG \u2013 Swiss Window Technology","og_description":"Innovative Systeme f\u00fcr Holz-\/Metallfenster aus der Schweiz. Wir bieten Ihnen hochwertige Qualit\u00e4t, beste Verarbeitung und ein gutes Preis-\/Leistungs-Verh\u00e4ltnis.","og_url":"https:\/\/www.pho.swiss\/fr\/pho-100\/","og_site_name":"Phoenix SysTec AG \u2013 Swiss Window Technology","article_modified_time":"2022-12-22T13:43:15+00:00","twitter_card":"summary_large_image","twitter_misc":{"Dur\u00e9e de lecture estim\u00e9e":"1 minute"},"schema":{"@context":"https:\/\/schema.org","@graph":[{"@type":"WebPage","@id":"https:\/\/www.pho.swiss\/fr\/pho-100\/","url":"https:\/\/www.pho.swiss\/fr\/pho-100\/","name":"Pho 100 - Phoenix SysTec AG \u2013 Swiss Window Technology","isPartOf":{"@id":"https:\/\/www.pho.swiss\/fr\/#website"},"datePublished":"2022-06-14T10:27:12+00:00","dateModified":"2022-12-22T13:43:15+00:00","description":"Innovative Systeme f\u00fcr Holz-\/Metallfenster aus der Schweiz. Wir bieten Ihnen hochwertige Qualit\u00e4t, beste Verarbeitung und ein gutes Preis-\/Leistungs-Verh\u00e4ltnis.","breadcrumb":{"@id":"https:\/\/www.pho.swiss\/fr\/pho-100\/#breadcrumb"},"inLanguage":"fr-FR","potentialAction":[{"@type":"ReadAction","target":["https:\/\/www.pho.swiss\/fr\/pho-100\/"]}]},{"@type":"BreadcrumbList","@id":"https:\/\/www.pho.swiss\/fr\/pho-100\/#breadcrumb","itemListElement":[{"@type":"ListItem","position":1,"name":"Startseite","item":"https:\/\/www.pho.swiss\/fr\/"},{"@type":"ListItem","position":2,"name":"Pho 100"}]},{"@type":"WebSite","@id":"https:\/\/www.pho.swiss\/fr\/#website","url":"https:\/\/www.pho.swiss\/fr\/","name":"Phoenix SysTec AG \u2013 Swiss Window Technology","description":"Swiss Window Technology","publisher":{"@id":"https:\/\/www.pho.swiss\/fr\/#organization"},"potentialAction":[{"@type":"SearchAction","target":{"@type":"EntryPoint","urlTemplate":"https:\/\/www.pho.swiss\/fr\/?s={search_term_string}"},"query-input":{"@type":"PropertyValueSpecification","valueRequired":true,"valueName":"search_term_string"}}],"inLanguage":"fr-FR"},{"@type":"Organization","@id":"https:\/\/www.pho.swiss\/fr\/#organization","name":"Phoenix SysTec AG","url":"https:\/\/www.pho.swiss\/fr\/","logo":{"@type":"ImageObject","inLanguage":"fr-FR","@id":"https:\/\/www.pho.swiss\/fr\/#\/schema\/logo\/image\/","url":"https:\/\/www.pho.swiss\/wp-content\/uploads\/2022\/06\/icon.jpg","contentUrl":"https:\/\/www.pho.swiss\/wp-content\/uploads\/2022\/06\/icon.jpg","width":692,"height":638,"caption":"Phoenix SysTec AG"},"image":{"@id":"https:\/\/www.pho.swiss\/fr\/#\/schema\/logo\/image\/"}}]}},"_links":{"self":[{"href":"https:\/\/www.pho.swiss\/fr\/wp-json\/wp\/v2\/pages\/1335","targetHints":{"allow":["GET"]}}],"collection":[{"href":"https:\/\/www.pho.swiss\/fr\/wp-json\/wp\/v2\/pages"}],"about":[{"href":"https:\/\/www.pho.swiss\/fr\/wp-json\/wp\/v2\/types\/page"}],"author":[{"embeddable":true,"href":"https:\/\/www.pho.swiss\/fr\/wp-json\/wp\/v2\/users\/1"}],"replies":[{"embeddable":true,"href":"https:\/\/www.pho.swiss\/fr\/wp-json\/wp\/v2\/comments?post=1335"}],"version-history":[{"count":40,"href":"https:\/\/www.pho.swiss\/fr\/wp-json\/wp\/v2\/pages\/1335\/revisions"}],"predecessor-version":[{"id":2346,"href":"https:\/\/www.pho.swiss\/fr\/wp-json\/wp\/v2\/pages\/1335\/revisions\/2346"}],"wp:attachment":[{"href":"https:\/\/www.pho.swiss\/fr\/wp-json\/wp\/v2\/media?parent=1335"}],"curies":[{"name":"wp","href":"https:\/\/api.w.org\/{rel}","templated":true}]}}