{"id":1338,"date":"2022-06-17T14:00:44","date_gmt":"2022-06-17T12:00:44","guid":{"rendered":"https:\/\/stage.pho.swiss\/documentation-technique\/"},"modified":"2022-09-21T12:09:29","modified_gmt":"2022-09-21T10:09:29","slug":"documentation-technique","status":"publish","type":"page","link":"https:\/\/www.pho.swiss\/fr\/documentation-technique\/","title":{"rendered":"Documentation technique"},"content":{"rendered":"\n<div class=\"wp-block-cover alignfull is-light is-style-hero-image-3-1\"><span aria-hidden=\"true\" class=\"wp-block-cover__background has-background-dim-0 has-background-dim\"><\/span><img loading=\"lazy\" decoding=\"async\" width=\"2100\" height=\"700\" class=\"wp-block-cover__image-background wp-image-704\" alt=\"\" src=\"https:\/\/www.pho.swiss\/wp-content\/uploads\/2022\/06\/Hero-Image-2.jpg\" style=\"object-position:73% 68%\" data-object-fit=\"cover\" data-object-position=\"73% 68%\" srcset=\"https:\/\/www.pho.swiss\/wp-content\/uploads\/2022\/06\/Hero-Image-2.jpg 2100w, https:\/\/www.pho.swiss\/wp-content\/uploads\/2022\/06\/Hero-Image-2-300x100.jpg 300w, https:\/\/www.pho.swiss\/wp-content\/uploads\/2022\/06\/Hero-Image-2-1024x341.jpg 1024w, https:\/\/www.pho.swiss\/wp-content\/uploads\/2022\/06\/Hero-Image-2-768x256.jpg 768w, https:\/\/www.pho.swiss\/wp-content\/uploads\/2022\/06\/Hero-Image-2-1536x512.jpg 1536w, https:\/\/www.pho.swiss\/wp-content\/uploads\/2022\/06\/Hero-Image-2-2048x683.jpg 2048w, https:\/\/www.pho.swiss\/wp-content\/uploads\/2022\/06\/Hero-Image-2-1920x640.jpg 1920w\" sizes=\"auto, (max-width: 2100px) 100vw, 2100px\" \/><div class=\"wp-block-cover__inner-container is-layout-flow wp-block-cover-is-layout-flow\">\n<div class=\"wp-block-columns is-layout-flex wp-container-core-columns-is-layout-9d6595d7 wp-block-columns-is-layout-flex\">\n<div class=\"wp-block-column is-layout-flow wp-block-column-is-layout-flow\" style=\"flex-basis:70%\">\n<div style=\"height:100px\" aria-hidden=\"true\" class=\"wp-block-spacer is-style-space-1\"><\/div>\n\n\n\n<h2 class=\"wp-block-heading\">Documentation technique<\/h2>\n\n\n\n<p class=\"is-style-text-teaser\">Les documentations techniques de nos syst\u00e8mes sont disponibles ici sous forme num\u00e9rique. Trouvez les informations que vous cherchez &#8211; rapidement et facilement.  <\/p>\n\n\n\n<div style=\"height:100px\" aria-hidden=\"true\" class=\"wp-block-spacer is-style-space-2\"><\/div>\n\n\n\n<div class=\"wp-block-buttons is-layout-flex wp-block-buttons-is-layout-flex\">\n<div class=\"wp-block-button\"><a class=\"wp-block-button__link\">Catalogue de produits<\/a><\/div>\n<\/div>\n<\/div>\n\n\n\n<div class=\"wp-block-column is-layout-flow wp-block-column-is-layout-flow\" style=\"flex-basis:30%\"><\/div>\n<\/div>\n\n\n\n<h2 class=\"wp-block-heading\"><br\/><\/h2>\n<\/div><\/div>\n\n<div style=\"height:100px\" aria-hidden=\"true\" class=\"wp-block-spacer is-style-space-1\"><\/div>\n\n<p class=\"is-style-text-distance\">Nos documentations techniques contiennent les catalogues des syst\u00e8mes, les points de coupe et les instructions de traitement. Nous esp\u00e9rons ainsi vous apporter un soutien utile. Pour toute question, veuillez vous adresser \u00e0 votre interlocuteur habituel<\/p>\n\n<div style=\"height:100px\" aria-hidden=\"true\" class=\"wp-block-spacer is-style-space-1\"><\/div>\n","protected":false},"excerpt":{"rendered":"<p>Nos documentations techniques contiennent les catalogues des syst\u00e8mes, les points de coupe et les instructions de traitement. Nous esp\u00e9rons ainsi vous apporter un soutien utile. Pour toute question, veuillez vous adresser \u00e0 votre interlocuteur habituel<\/p>\n","protected":false},"author":1,"featured_media":0,"parent":0,"menu_order":0,"comment_status":"closed","ping_status":"closed","template":"","meta":{"_acf_changed":false,"footnotes":""},"class_list":["post-1338","page","type-page","status-publish","hentry"],"acf":[],"yoast_head":"<!-- This site is optimized with the Yoast SEO plugin v26.5 - https:\/\/yoast.com\/wordpress\/plugins\/seo\/ -->\n<title>Documentation technique - Phoenix SysTec AG \u2013 Swiss Window Technology<\/title>\n<meta name=\"description\" content=\"Innovative Systeme f\u00fcr Holz-\/Metallfenster aus der Schweiz. Wir bieten Ihnen hochwertige Qualit\u00e4t, beste Verarbeitung und ein gutes Preis-\/Leistungs-Verh\u00e4ltnis.\" \/>\n<meta name=\"robots\" content=\"index, follow, max-snippet:-1, max-image-preview:large, max-video-preview:-1\" \/>\n<link rel=\"canonical\" href=\"https:\/\/www.pho.swiss\/fr\/documentation-technique\/\" \/>\n<meta property=\"og:locale\" content=\"fr_FR\" \/>\n<meta property=\"og:type\" content=\"article\" \/>\n<meta property=\"og:title\" content=\"Documentation technique - Phoenix SysTec AG \u2013 Swiss Window Technology\" \/>\n<meta property=\"og:description\" content=\"Innovative Systeme f\u00fcr Holz-\/Metallfenster aus der Schweiz. Wir bieten Ihnen hochwertige Qualit\u00e4t, beste Verarbeitung und ein gutes Preis-\/Leistungs-Verh\u00e4ltnis.\" \/>\n<meta property=\"og:url\" content=\"https:\/\/www.pho.swiss\/fr\/documentation-technique\/\" \/>\n<meta property=\"og:site_name\" content=\"Phoenix SysTec AG \u2013 Swiss Window Technology\" \/>\n<meta property=\"article:modified_time\" content=\"2022-09-21T10:09:29+00:00\" \/>\n<meta property=\"og:image\" content=\"https:\/\/www.pho.swiss\/wp-content\/uploads\/2022\/06\/Hero-Image-2.jpg\" \/>\n<meta name=\"twitter:card\" content=\"summary_large_image\" \/>\n<script type=\"application\/ld+json\" class=\"yoast-schema-graph\">{\"@context\":\"https:\/\/schema.org\",\"@graph\":[{\"@type\":\"WebPage\",\"@id\":\"https:\/\/www.pho.swiss\/fr\/documentation-technique\/\",\"url\":\"https:\/\/www.pho.swiss\/fr\/documentation-technique\/\",\"name\":\"Documentation technique - Phoenix SysTec AG \u2013 Swiss Window Technology\",\"isPartOf\":{\"@id\":\"https:\/\/www.pho.swiss\/fr\/#website\"},\"primaryImageOfPage\":{\"@id\":\"https:\/\/www.pho.swiss\/fr\/documentation-technique\/#primaryimage\"},\"image\":{\"@id\":\"https:\/\/www.pho.swiss\/fr\/documentation-technique\/#primaryimage\"},\"thumbnailUrl\":\"https:\/\/www.pho.swiss\/wp-content\/uploads\/2022\/06\/Hero-Image-2.jpg\",\"datePublished\":\"2022-06-17T12:00:44+00:00\",\"dateModified\":\"2022-09-21T10:09:29+00:00\",\"description\":\"Innovative Systeme f\u00fcr Holz-\/Metallfenster aus der Schweiz. Wir bieten Ihnen hochwertige Qualit\u00e4t, beste Verarbeitung und ein gutes Preis-\/Leistungs-Verh\u00e4ltnis.\",\"breadcrumb\":{\"@id\":\"https:\/\/www.pho.swiss\/fr\/documentation-technique\/#breadcrumb\"},\"inLanguage\":\"fr-FR\",\"potentialAction\":[{\"@type\":\"ReadAction\",\"target\":[\"https:\/\/www.pho.swiss\/fr\/documentation-technique\/\"]}]},{\"@type\":\"ImageObject\",\"inLanguage\":\"fr-FR\",\"@id\":\"https:\/\/www.pho.swiss\/fr\/documentation-technique\/#primaryimage\",\"url\":\"https:\/\/www.pho.swiss\/wp-content\/uploads\/2022\/06\/Hero-Image-2.jpg\",\"contentUrl\":\"https:\/\/www.pho.swiss\/wp-content\/uploads\/2022\/06\/Hero-Image-2.jpg\"},{\"@type\":\"BreadcrumbList\",\"@id\":\"https:\/\/www.pho.swiss\/fr\/documentation-technique\/#breadcrumb\",\"itemListElement\":[{\"@type\":\"ListItem\",\"position\":1,\"name\":\"Startseite\",\"item\":\"https:\/\/www.pho.swiss\/fr\/\"},{\"@type\":\"ListItem\",\"position\":2,\"name\":\"Documentation technique\"}]},{\"@type\":\"WebSite\",\"@id\":\"https:\/\/www.pho.swiss\/fr\/#website\",\"url\":\"https:\/\/www.pho.swiss\/fr\/\",\"name\":\"Phoenix SysTec AG \u2013 Swiss Window Technology\",\"description\":\"Swiss Window Technology\",\"publisher\":{\"@id\":\"https:\/\/www.pho.swiss\/fr\/#organization\"},\"potentialAction\":[{\"@type\":\"SearchAction\",\"target\":{\"@type\":\"EntryPoint\",\"urlTemplate\":\"https:\/\/www.pho.swiss\/fr\/?s={search_term_string}\"},\"query-input\":{\"@type\":\"PropertyValueSpecification\",\"valueRequired\":true,\"valueName\":\"search_term_string\"}}],\"inLanguage\":\"fr-FR\"},{\"@type\":\"Organization\",\"@id\":\"https:\/\/www.pho.swiss\/fr\/#organization\",\"name\":\"Phoenix SysTec AG\",\"url\":\"https:\/\/www.pho.swiss\/fr\/\",\"logo\":{\"@type\":\"ImageObject\",\"inLanguage\":\"fr-FR\",\"@id\":\"https:\/\/www.pho.swiss\/fr\/#\/schema\/logo\/image\/\",\"url\":\"https:\/\/www.pho.swiss\/wp-content\/uploads\/2022\/06\/icon.jpg\",\"contentUrl\":\"https:\/\/www.pho.swiss\/wp-content\/uploads\/2022\/06\/icon.jpg\",\"width\":692,\"height\":638,\"caption\":\"Phoenix SysTec AG\"},\"image\":{\"@id\":\"https:\/\/www.pho.swiss\/fr\/#\/schema\/logo\/image\/\"}}]}<\/script>\n<!-- \/ Yoast SEO plugin. -->","yoast_head_json":{"title":"Documentation technique - Phoenix SysTec AG \u2013 Swiss Window Technology","description":"Innovative Systeme f\u00fcr Holz-\/Metallfenster aus der Schweiz. Wir bieten Ihnen hochwertige Qualit\u00e4t, beste Verarbeitung und ein gutes Preis-\/Leistungs-Verh\u00e4ltnis.","robots":{"index":"index","follow":"follow","max-snippet":"max-snippet:-1","max-image-preview":"max-image-preview:large","max-video-preview":"max-video-preview:-1"},"canonical":"https:\/\/www.pho.swiss\/fr\/documentation-technique\/","og_locale":"fr_FR","og_type":"article","og_title":"Documentation technique - Phoenix SysTec AG \u2013 Swiss Window Technology","og_description":"Innovative Systeme f\u00fcr Holz-\/Metallfenster aus der Schweiz. Wir bieten Ihnen hochwertige Qualit\u00e4t, beste Verarbeitung und ein gutes Preis-\/Leistungs-Verh\u00e4ltnis.","og_url":"https:\/\/www.pho.swiss\/fr\/documentation-technique\/","og_site_name":"Phoenix SysTec AG \u2013 Swiss Window Technology","article_modified_time":"2022-09-21T10:09:29+00:00","og_image":[{"url":"https:\/\/www.pho.swiss\/wp-content\/uploads\/2022\/06\/Hero-Image-2.jpg","type":"","width":"","height":""}],"twitter_card":"summary_large_image","schema":{"@context":"https:\/\/schema.org","@graph":[{"@type":"WebPage","@id":"https:\/\/www.pho.swiss\/fr\/documentation-technique\/","url":"https:\/\/www.pho.swiss\/fr\/documentation-technique\/","name":"Documentation technique - Phoenix SysTec AG \u2013 Swiss Window Technology","isPartOf":{"@id":"https:\/\/www.pho.swiss\/fr\/#website"},"primaryImageOfPage":{"@id":"https:\/\/www.pho.swiss\/fr\/documentation-technique\/#primaryimage"},"image":{"@id":"https:\/\/www.pho.swiss\/fr\/documentation-technique\/#primaryimage"},"thumbnailUrl":"https:\/\/www.pho.swiss\/wp-content\/uploads\/2022\/06\/Hero-Image-2.jpg","datePublished":"2022-06-17T12:00:44+00:00","dateModified":"2022-09-21T10:09:29+00:00","description":"Innovative Systeme f\u00fcr Holz-\/Metallfenster aus der Schweiz. Wir bieten Ihnen hochwertige Qualit\u00e4t, beste Verarbeitung und ein gutes Preis-\/Leistungs-Verh\u00e4ltnis.","breadcrumb":{"@id":"https:\/\/www.pho.swiss\/fr\/documentation-technique\/#breadcrumb"},"inLanguage":"fr-FR","potentialAction":[{"@type":"ReadAction","target":["https:\/\/www.pho.swiss\/fr\/documentation-technique\/"]}]},{"@type":"ImageObject","inLanguage":"fr-FR","@id":"https:\/\/www.pho.swiss\/fr\/documentation-technique\/#primaryimage","url":"https:\/\/www.pho.swiss\/wp-content\/uploads\/2022\/06\/Hero-Image-2.jpg","contentUrl":"https:\/\/www.pho.swiss\/wp-content\/uploads\/2022\/06\/Hero-Image-2.jpg"},{"@type":"BreadcrumbList","@id":"https:\/\/www.pho.swiss\/fr\/documentation-technique\/#breadcrumb","itemListElement":[{"@type":"ListItem","position":1,"name":"Startseite","item":"https:\/\/www.pho.swiss\/fr\/"},{"@type":"ListItem","position":2,"name":"Documentation technique"}]},{"@type":"WebSite","@id":"https:\/\/www.pho.swiss\/fr\/#website","url":"https:\/\/www.pho.swiss\/fr\/","name":"Phoenix SysTec AG \u2013 Swiss Window Technology","description":"Swiss Window Technology","publisher":{"@id":"https:\/\/www.pho.swiss\/fr\/#organization"},"potentialAction":[{"@type":"SearchAction","target":{"@type":"EntryPoint","urlTemplate":"https:\/\/www.pho.swiss\/fr\/?s={search_term_string}"},"query-input":{"@type":"PropertyValueSpecification","valueRequired":true,"valueName":"search_term_string"}}],"inLanguage":"fr-FR"},{"@type":"Organization","@id":"https:\/\/www.pho.swiss\/fr\/#organization","name":"Phoenix SysTec AG","url":"https:\/\/www.pho.swiss\/fr\/","logo":{"@type":"ImageObject","inLanguage":"fr-FR","@id":"https:\/\/www.pho.swiss\/fr\/#\/schema\/logo\/image\/","url":"https:\/\/www.pho.swiss\/wp-content\/uploads\/2022\/06\/icon.jpg","contentUrl":"https:\/\/www.pho.swiss\/wp-content\/uploads\/2022\/06\/icon.jpg","width":692,"height":638,"caption":"Phoenix SysTec AG"},"image":{"@id":"https:\/\/www.pho.swiss\/fr\/#\/schema\/logo\/image\/"}}]}},"_links":{"self":[{"href":"https:\/\/www.pho.swiss\/fr\/wp-json\/wp\/v2\/pages\/1338","targetHints":{"allow":["GET"]}}],"collection":[{"href":"https:\/\/www.pho.swiss\/fr\/wp-json\/wp\/v2\/pages"}],"about":[{"href":"https:\/\/www.pho.swiss\/fr\/wp-json\/wp\/v2\/types\/page"}],"author":[{"embeddable":true,"href":"https:\/\/www.pho.swiss\/fr\/wp-json\/wp\/v2\/users\/1"}],"replies":[{"embeddable":true,"href":"https:\/\/www.pho.swiss\/fr\/wp-json\/wp\/v2\/comments?post=1338"}],"version-history":[{"count":1,"href":"https:\/\/www.pho.swiss\/fr\/wp-json\/wp\/v2\/pages\/1338\/revisions"}],"predecessor-version":[{"id":1350,"href":"https:\/\/www.pho.swiss\/fr\/wp-json\/wp\/v2\/pages\/1338\/revisions\/1350"}],"wp:attachment":[{"href":"https:\/\/www.pho.swiss\/fr\/wp-json\/wp\/v2\/media?parent=1338"}],"curies":[{"name":"wp","href":"https:\/\/api.w.org\/{rel}","templated":true}]}}