{"id":1909,"date":"2022-11-25T12:11:20","date_gmt":"2022-11-25T11:11:20","guid":{"rendered":"https:\/\/stage.pho.swiss\/telecharger-le-login\/"},"modified":"2024-12-20T11:50:41","modified_gmt":"2024-12-20T10:50:41","slug":"telecharger-le-login","status":"publish","type":"page","link":"https:\/\/www.pho.swiss\/fr\/telecharger-le-login\/","title":{"rendered":"T\u00e9l\u00e9charger l&rsquo;inscription"},"content":{"rendered":"\n<div style=\"height:100px\" aria-hidden=\"true\" class=\"wp-block-spacer is-style-space-1\"><\/div>\n\n<h1 class=\"wp-block-heading\">Zone de t\u00e9l\u00e9chargement <\/h1>\n\n<div style=\"height:100px\" aria-hidden=\"true\" class=\"wp-block-spacer is-style-space-2\"><\/div>\n\n<h2 class=\"wp-block-heading is-style-sub-title-2\">Demander les donn\u00e9es d&rsquo;acc\u00e8s<\/h2>\n\n<p class=\"is-style-text-distance\">Vous trouverez ici les documentations techniques de nos syst\u00e8mes, disponibles sous forme num\u00e9rique. Trouvez les informations que vous cherchez &#8211; rapidement et facilement.<\/p>\n\n<div style=\"height:100px\" aria-hidden=\"true\" class=\"wp-block-spacer is-style-space-2\"><\/div>\n\n<div class=\"wp-block-columns is-layout-flex wp-container-core-columns-is-layout-9d6595d7 wp-block-columns-is-layout-flex\">\n<div class=\"wp-block-column is-layout-flow wp-block-column-is-layout-flow\" style=\"flex-basis:66.66%\">        <form enctype=\"multipart\/form-data\" method=\"post\" id=\"wppb-register-user\" class=\"wppb-user-forms wppb-register-user wppb-user-logged-out\" action=\"https:\/\/www.pho.swiss\/fr\/wp-json\/wp\/v2\/pages\/1909\">\n\t\t\t<ul><li class=\"wppb-form-field wppb-input\" id=\"wppb-form-element-13\">\n\t\t\t\t<label for=\"company\">Firma<\/label>\n\t\t\t\t<input class=\"extra_field_input \" name=\"company\" maxlength=\"250\" type=\"text\" id=\"company\" value=\"\" \/><\/li><li class=\"wppb-form-field wppb-default-first-name\" id=\"wppb-form-element-3\">\n\t\t\t<label for=\"first_name\">Vorname<span class=\"wppb-required\" title=\"This field is required\">*<\/span><\/label>\n\t\t\t<input class=\"text-input default_field_firstname \" name=\"first_name\" maxlength=\"70\" type=\"text\" id=\"first_name\" value=\"\"  \/><\/li><li class=\"wppb-form-field wppb-default-last-name\" id=\"wppb-form-element-4\">\n\t\t\t<label for=\"last_name\">Nachname<span class=\"wppb-required\" title=\"This field is required\">*<\/span><\/label>\n\t\t\t<input class=\"text-input default_field_lastname \" name=\"last_name\" maxlength=\"70\" type=\"text\" id=\"last_name\" value=\"\" \/><\/li><li class=\"wppb-form-field wppb-input\" id=\"wppb-form-element-14\">\n\t\t\t\t<label for=\"street\">Strasse\/Nr.<span class=\"wppb-required\" title=\"This field is required\">*<\/span><\/label>\n\t\t\t\t<input class=\"extra_field_input \" name=\"street\" maxlength=\"250\" type=\"text\" id=\"street\" value=\"\" \/><\/li><li class=\"wppb-form-field wppb-input\" id=\"wppb-form-element-15\">\n\t\t\t\t<label for=\"city\">PLZ &amp; Ort<span class=\"wppb-required\" title=\"This field is required\">*<\/span><\/label>\n\t\t\t\t<input class=\"extra_field_input \" name=\"city\" maxlength=\"250\" type=\"text\" id=\"city\" value=\"\" \/><\/li><li class=\"wppb-form-field wppb-default-e-mail\" id=\"wppb-form-element-8\">\n\t\t\t<label for=\"email\">E-Mail<span class=\"wppb-required\" title=\"This field is required\">*<\/span><\/label>\n\t\t\t<input class=\"text-input default_field_email \" name=\"email\" maxlength=\"70\" type=\"email\" id=\"email\" value=\"\"   \/><\/li><li class=\"wppb-form-field wppb-input\" id=\"wppb-form-element-16\">\n\t\t\t\t<label for=\"phone\">Telefon<span class=\"wppb-required\" title=\"This field is required\">*<\/span><\/label>\n\t\t\t\t<input class=\"extra_field_input \" name=\"phone\" maxlength=\"250\" type=\"text\" id=\"phone\" value=\"\" \/><\/li><li class=\"wppb-form-field wppb-default-password\" id=\"wppb-form-element-12\">\n\t\t\t<label for=\"passw1\">Passwort<span class=\"wppb-required\" title=\"This field is required\">*<\/span><\/label>\n            <span class=\"wppb-password-field-container\">\n\t\t\t    <input class=\"text-input \" name=\"passw1\" maxlength=\"70\" type=\"password\" id=\"passw1\" value=\"\" autocomplete=\"off\" \/>\n\t\t\t     <!-- add the HTML for the visibility toggle -->\n\t\t\t<\/span><span class=\"wppb-description-delimiter\">Minimum length of 6 characters. <\/span><\/li><li class=\"wppb-form-field wppb-input\" id=\"wppb-form-element-17\">\n\t\t\t\t<label for=\"oir_customer_nr\">Phoenix Kunden Nr.<\/label>\n\t\t\t\t<input class=\"extra_field_input \" name=\"oir_customer_nr\" maxlength=\"250\" type=\"text\" id=\"oir_customer_nr\" value=\"\" \/><span class=\"wppb-description-delimiter\">Falls vorhanden.<\/span><\/li><li class=\"wppb-form-field wppb-honeypot\" id=\"wppb-form-element-18\">\n            <label for=\"honeypot\" style=\"display:none\">Honeypot<\/label>\n            <input class=\"wppb-honeypot \" name=\"honeypot\" maxlength=\"250\" type=\"text\" id=\"honeypot\" autocomplete=\"off\" style=\"display:none\" value=\"\" \/><\/li><\/ul><ul><input id=\"send_credentials_via_email\" type=\"hidden\" name=\"send_credentials_via_email\" value=\"sending\"\/><\/ul>\t\t\t<p class=\"form-submit\"  >\n\t\t\t\t                \t\t\t\t<input name=\"register\" type=\"submit\" id=\"register\" class=\"submit button\" value=\"Register\" \/>\n                <input name=\"redirect_to\" type=\"hidden\" value=\"\" \/>\n                \t\t\t\t<input name=\"action\" type=\"hidden\" id=\"action\" value=\"register\" \/>\n\t\t\t\t<input name=\"form_name\" type=\"hidden\" id=\"form_name\" value=\"unspecified\" \/>\n\t\t\t\t<input name=\"form_id\" type=\"hidden\" id=\"form_id\" value=\"\" \/>\n\t\t\t\t<input type=\"hidden\" name=\"wppb_referer_url\" value=\"\"\/>\t\t\t<\/p><!-- .form-submit -->\n\t\t\t<input type=\"hidden\" id=\"register_unspecified_nonce_field\" name=\"register_unspecified_nonce_field\" value=\"d08dd25097\" \/><input type=\"hidden\" name=\"_wp_http_referer\" value=\"\/fr\/wp-json\/wp\/v2\/pages\/1909\" \/>\t\t<\/form>\n\t\t\n<\/div>\n\n\n\n<div class=\"wp-block-column is-layout-flow wp-block-column-is-layout-flow\" style=\"flex-basis:33.33%\"><\/div>\n<\/div>\n\n<div style=\"height:100px\" aria-hidden=\"true\" class=\"wp-block-spacer\"><\/div>\n","protected":false},"excerpt":{"rendered":"<p>Zone de t\u00e9l\u00e9chargement Demander les donn\u00e9es d&rsquo;acc\u00e8s Vous trouverez ici les documentations techniques de nos syst\u00e8mes, disponibles sous forme num\u00e9rique. Trouvez les informations que vous cherchez &#8211; rapidement et facilement.<\/p>\n","protected":false},"author":1,"featured_media":0,"parent":0,"menu_order":0,"comment_status":"closed","ping_status":"closed","template":"","meta":{"_acf_changed":false,"footnotes":""},"class_list":["post-1909","page","type-page","status-publish","hentry"],"acf":[],"yoast_head":"<!-- This site is optimized with the Yoast SEO plugin v26.5 - https:\/\/yoast.com\/wordpress\/plugins\/seo\/ -->\n<title>T\u00e9l\u00e9charger l&#039;inscription - Phoenix SysTec AG \u2013 Swiss Window Technology<\/title>\n<meta name=\"description\" content=\"Innovative Systeme f\u00fcr Holz-\/Metallfenster aus der Schweiz. Wir bieten Ihnen hochwertige Qualit\u00e4t, beste Verarbeitung und ein gutes Preis-\/Leistungs-Verh\u00e4ltnis.\" \/>\n<meta name=\"robots\" content=\"index, follow, max-snippet:-1, max-image-preview:large, max-video-preview:-1\" \/>\n<link rel=\"canonical\" href=\"https:\/\/www.pho.swiss\/fr\/telecharger-le-login\/\" \/>\n<meta property=\"og:locale\" content=\"fr_FR\" \/>\n<meta property=\"og:type\" content=\"article\" \/>\n<meta property=\"og:title\" content=\"T\u00e9l\u00e9charger l&#039;inscription - Phoenix SysTec AG \u2013 Swiss Window Technology\" \/>\n<meta property=\"og:description\" content=\"Innovative Systeme f\u00fcr Holz-\/Metallfenster aus der Schweiz. Wir bieten Ihnen hochwertige Qualit\u00e4t, beste Verarbeitung und ein gutes Preis-\/Leistungs-Verh\u00e4ltnis.\" \/>\n<meta property=\"og:url\" content=\"https:\/\/www.pho.swiss\/fr\/telecharger-le-login\/\" \/>\n<meta property=\"og:site_name\" content=\"Phoenix SysTec AG \u2013 Swiss Window Technology\" \/>\n<meta property=\"article:modified_time\" content=\"2024-12-20T10:50:41+00:00\" \/>\n<meta name=\"twitter:card\" content=\"summary_large_image\" \/>\n<script type=\"application\/ld+json\" class=\"yoast-schema-graph\">{\"@context\":\"https:\/\/schema.org\",\"@graph\":[{\"@type\":\"WebPage\",\"@id\":\"https:\/\/www.pho.swiss\/fr\/telecharger-le-login\/\",\"url\":\"https:\/\/www.pho.swiss\/fr\/telecharger-le-login\/\",\"name\":\"T\u00e9l\u00e9charger l'inscription - Phoenix SysTec AG \u2013 Swiss Window Technology\",\"isPartOf\":{\"@id\":\"https:\/\/www.pho.swiss\/fr\/#website\"},\"datePublished\":\"2022-11-25T11:11:20+00:00\",\"dateModified\":\"2024-12-20T10:50:41+00:00\",\"description\":\"Innovative Systeme f\u00fcr Holz-\/Metallfenster aus der Schweiz. Wir bieten Ihnen hochwertige Qualit\u00e4t, beste Verarbeitung und ein gutes Preis-\/Leistungs-Verh\u00e4ltnis.\",\"breadcrumb\":{\"@id\":\"https:\/\/www.pho.swiss\/fr\/telecharger-le-login\/#breadcrumb\"},\"inLanguage\":\"fr-FR\",\"potentialAction\":[{\"@type\":\"ReadAction\",\"target\":[\"https:\/\/www.pho.swiss\/fr\/telecharger-le-login\/\"]}]},{\"@type\":\"BreadcrumbList\",\"@id\":\"https:\/\/www.pho.swiss\/fr\/telecharger-le-login\/#breadcrumb\",\"itemListElement\":[{\"@type\":\"ListItem\",\"position\":1,\"name\":\"Startseite\",\"item\":\"https:\/\/www.pho.swiss\/fr\/\"},{\"@type\":\"ListItem\",\"position\":2,\"name\":\"T\u00e9l\u00e9charger l&#8217;inscription\"}]},{\"@type\":\"WebSite\",\"@id\":\"https:\/\/www.pho.swiss\/fr\/#website\",\"url\":\"https:\/\/www.pho.swiss\/fr\/\",\"name\":\"Phoenix SysTec AG \u2013 Swiss Window Technology\",\"description\":\"Swiss Window Technology\",\"publisher\":{\"@id\":\"https:\/\/www.pho.swiss\/fr\/#organization\"},\"potentialAction\":[{\"@type\":\"SearchAction\",\"target\":{\"@type\":\"EntryPoint\",\"urlTemplate\":\"https:\/\/www.pho.swiss\/fr\/?s={search_term_string}\"},\"query-input\":{\"@type\":\"PropertyValueSpecification\",\"valueRequired\":true,\"valueName\":\"search_term_string\"}}],\"inLanguage\":\"fr-FR\"},{\"@type\":\"Organization\",\"@id\":\"https:\/\/www.pho.swiss\/fr\/#organization\",\"name\":\"Phoenix SysTec AG\",\"url\":\"https:\/\/www.pho.swiss\/fr\/\",\"logo\":{\"@type\":\"ImageObject\",\"inLanguage\":\"fr-FR\",\"@id\":\"https:\/\/www.pho.swiss\/fr\/#\/schema\/logo\/image\/\",\"url\":\"https:\/\/www.pho.swiss\/wp-content\/uploads\/2022\/06\/icon.jpg\",\"contentUrl\":\"https:\/\/www.pho.swiss\/wp-content\/uploads\/2022\/06\/icon.jpg\",\"width\":692,\"height\":638,\"caption\":\"Phoenix SysTec AG\"},\"image\":{\"@id\":\"https:\/\/www.pho.swiss\/fr\/#\/schema\/logo\/image\/\"}}]}<\/script>\n<!-- \/ Yoast SEO plugin. -->","yoast_head_json":{"title":"T\u00e9l\u00e9charger l'inscription - Phoenix SysTec AG \u2013 Swiss Window Technology","description":"Innovative Systeme f\u00fcr Holz-\/Metallfenster aus der Schweiz. Wir bieten Ihnen hochwertige Qualit\u00e4t, beste Verarbeitung und ein gutes Preis-\/Leistungs-Verh\u00e4ltnis.","robots":{"index":"index","follow":"follow","max-snippet":"max-snippet:-1","max-image-preview":"max-image-preview:large","max-video-preview":"max-video-preview:-1"},"canonical":"https:\/\/www.pho.swiss\/fr\/telecharger-le-login\/","og_locale":"fr_FR","og_type":"article","og_title":"T\u00e9l\u00e9charger l'inscription - Phoenix SysTec AG \u2013 Swiss Window Technology","og_description":"Innovative Systeme f\u00fcr Holz-\/Metallfenster aus der Schweiz. Wir bieten Ihnen hochwertige Qualit\u00e4t, beste Verarbeitung und ein gutes Preis-\/Leistungs-Verh\u00e4ltnis.","og_url":"https:\/\/www.pho.swiss\/fr\/telecharger-le-login\/","og_site_name":"Phoenix SysTec AG \u2013 Swiss Window Technology","article_modified_time":"2024-12-20T10:50:41+00:00","twitter_card":"summary_large_image","schema":{"@context":"https:\/\/schema.org","@graph":[{"@type":"WebPage","@id":"https:\/\/www.pho.swiss\/fr\/telecharger-le-login\/","url":"https:\/\/www.pho.swiss\/fr\/telecharger-le-login\/","name":"T\u00e9l\u00e9charger l'inscription - Phoenix SysTec AG \u2013 Swiss Window Technology","isPartOf":{"@id":"https:\/\/www.pho.swiss\/fr\/#website"},"datePublished":"2022-11-25T11:11:20+00:00","dateModified":"2024-12-20T10:50:41+00:00","description":"Innovative Systeme f\u00fcr Holz-\/Metallfenster aus der Schweiz. Wir bieten Ihnen hochwertige Qualit\u00e4t, beste Verarbeitung und ein gutes Preis-\/Leistungs-Verh\u00e4ltnis.","breadcrumb":{"@id":"https:\/\/www.pho.swiss\/fr\/telecharger-le-login\/#breadcrumb"},"inLanguage":"fr-FR","potentialAction":[{"@type":"ReadAction","target":["https:\/\/www.pho.swiss\/fr\/telecharger-le-login\/"]}]},{"@type":"BreadcrumbList","@id":"https:\/\/www.pho.swiss\/fr\/telecharger-le-login\/#breadcrumb","itemListElement":[{"@type":"ListItem","position":1,"name":"Startseite","item":"https:\/\/www.pho.swiss\/fr\/"},{"@type":"ListItem","position":2,"name":"T\u00e9l\u00e9charger l&#8217;inscription"}]},{"@type":"WebSite","@id":"https:\/\/www.pho.swiss\/fr\/#website","url":"https:\/\/www.pho.swiss\/fr\/","name":"Phoenix SysTec AG \u2013 Swiss Window Technology","description":"Swiss Window Technology","publisher":{"@id":"https:\/\/www.pho.swiss\/fr\/#organization"},"potentialAction":[{"@type":"SearchAction","target":{"@type":"EntryPoint","urlTemplate":"https:\/\/www.pho.swiss\/fr\/?s={search_term_string}"},"query-input":{"@type":"PropertyValueSpecification","valueRequired":true,"valueName":"search_term_string"}}],"inLanguage":"fr-FR"},{"@type":"Organization","@id":"https:\/\/www.pho.swiss\/fr\/#organization","name":"Phoenix SysTec AG","url":"https:\/\/www.pho.swiss\/fr\/","logo":{"@type":"ImageObject","inLanguage":"fr-FR","@id":"https:\/\/www.pho.swiss\/fr\/#\/schema\/logo\/image\/","url":"https:\/\/www.pho.swiss\/wp-content\/uploads\/2022\/06\/icon.jpg","contentUrl":"https:\/\/www.pho.swiss\/wp-content\/uploads\/2022\/06\/icon.jpg","width":692,"height":638,"caption":"Phoenix SysTec AG"},"image":{"@id":"https:\/\/www.pho.swiss\/fr\/#\/schema\/logo\/image\/"}}]}},"_links":{"self":[{"href":"https:\/\/www.pho.swiss\/fr\/wp-json\/wp\/v2\/pages\/1909","targetHints":{"allow":["GET"]}}],"collection":[{"href":"https:\/\/www.pho.swiss\/fr\/wp-json\/wp\/v2\/pages"}],"about":[{"href":"https:\/\/www.pho.swiss\/fr\/wp-json\/wp\/v2\/types\/page"}],"author":[{"embeddable":true,"href":"https:\/\/www.pho.swiss\/fr\/wp-json\/wp\/v2\/users\/1"}],"replies":[{"embeddable":true,"href":"https:\/\/www.pho.swiss\/fr\/wp-json\/wp\/v2\/comments?post=1909"}],"version-history":[{"count":33,"href":"https:\/\/www.pho.swiss\/fr\/wp-json\/wp\/v2\/pages\/1909\/revisions"}],"predecessor-version":[{"id":2499,"href":"https:\/\/www.pho.swiss\/fr\/wp-json\/wp\/v2\/pages\/1909\/revisions\/2499"}],"wp:attachment":[{"href":"https:\/\/www.pho.swiss\/fr\/wp-json\/wp\/v2\/media?parent=1909"}],"curies":[{"name":"wp","href":"https:\/\/api.w.org\/{rel}","templated":true}]}}